{"id":33814,"date":"2024-10-22T14:38:16","date_gmt":"2024-10-22T12:38:16","guid":{"rendered":"https:\/\/scanpiii.com\/tap-on-mobile\/"},"modified":"2025-03-07T14:17:03","modified_gmt":"2025-03-07T13:17:03","slug":"tap-on-mobile","status":"publish","type":"page","link":"https:\/\/scanpiii.com\/de\/tap-on-mobile\/","title":{"rendered":"Tap on Mobile"},"content":{"rendered":"\t\t<div data-elementor-type=\"wp-page\" data-elementor-id=\"33814\" class=\"elementor elementor-33814 elementor-33069\" data-elementor-post-type=\"page\">\n\t\t\t\t<div class=\"elementor-element elementor-element-2328d37c e-con-full e-flex e-con e-parent\" data-id=\"2328d37c\" data-element_type=\"container\" data-settings=\"{&quot;background_background&quot;:&quot;classic&quot;}\">\n\t\t\t\t<div class=\"elementor-element elementor-element-d7e8714 elementor-widget elementor-widget-spacer\" data-id=\"d7e8714\" data-element_type=\"widget\" data-widget_type=\"spacer.default\">\n\t\t\t\t<div class=\"elementor-widget-container\">\n\t\t\t\t\t\t\t<div class=\"elementor-spacer\">\n\t\t\t<div class=\"elementor-spacer-inner\"><\/div>\n\t\t<\/div>\n\t\t\t\t\t\t<\/div>\n\t\t\t\t<\/div>\n\t\t\t\t<\/div>\n\t\t<div class=\"elementor-element elementor-element-85cb0c3 e-con-full e-flex e-con e-parent\" data-id=\"85cb0c3\" data-element_type=\"container\" data-settings=\"{&quot;background_background&quot;:&quot;classic&quot;}\">\n\t\t<div class=\"elementor-element elementor-element-4c74005 e-con-full e-flex e-con e-child\" data-id=\"4c74005\" data-element_type=\"container\" data-settings=\"{&quot;background_background&quot;:&quot;gradient&quot;}\">\n\t\t<div class=\"elementor-element elementor-element-a8bb076 wrap-header e-flex e-con-boxed e-con e-child\" data-id=\"a8bb076\" data-element_type=\"container\" data-settings=\"{&quot;background_background&quot;:&quot;gradient&quot;}\">\n\t\t\t\t\t<div class=\"e-con-inner\">\n\t\t<div class=\"elementor-element elementor-element-8e5e63f e-con-full e-flex e-con e-child\" data-id=\"8e5e63f\" data-element_type=\"container\">\n\t\t\t\t<div class=\"elementor-element elementor-element-1984e9e elementor-widget elementor-widget-heading\" data-id=\"1984e9e\" data-element_type=\"widget\" data-widget_type=\"heading.default\">\n\t\t\t\t<div class=\"elementor-widget-container\">\n\t\t\t\t\t<h2 class=\"elementor-heading-title elementor-size-default\">Vorteile von Tap on Mobile<\/h2>\t\t\t\t<\/div>\n\t\t\t\t<\/div>\n\t\t\t\t<div class=\"elementor-element elementor-element-8459c8f elementor-widget elementor-widget-heading\" data-id=\"8459c8f\" data-element_type=\"widget\" data-widget_type=\"heading.default\">\n\t\t\t\t<div class=\"elementor-widget-container\">\n\t\t\t\t\t<h1 class=\"elementor-heading-title elementor-size-default\">Zahlungsabwicklung direkt via Tablet<\/h1>\t\t\t\t<\/div>\n\t\t\t\t<\/div>\n\t\t\t\t<div class=\"elementor-element elementor-element-d9a4c53 elementor-widget elementor-widget-text-editor\" data-id=\"d9a4c53\" data-element_type=\"widget\" data-widget_type=\"text-editor.default\">\n\t\t\t\t<div class=\"elementor-widget-container\">\n\t\t\t\t\t\t\t\t\t<p>In Zusammenarbeit mit Worldline verwandelt Tap on Mobile (ToM) ein Samsung Galaxy S5 Tablet in ein sicheres Zahlungsterminal. Diese Technologie ersetzt herk\u00f6mmliche Zahlungsterminals und erm\u00f6glicht eine nahtlose, moderne Abwicklung elektronischer Zahlungen direkt \u00fcber ein mobiles Ger\u00e4t.<\/p>\n\t\t\t\t\t\t\t\t<\/div>\n\t\t\t\t<\/div>\n\t\t<div class=\"elementor-element elementor-element-d07d400 e-con-full e-flex e-con e-child\" data-id=\"d07d400\" data-element_type=\"container\">\n\t\t\t\t<div class=\"elementor-element elementor-element-d67f0f3 elementor-widget elementor-widget-button\" data-id=\"d67f0f3\" data-element_type=\"widget\" data-widget_type=\"button.default\">\n\t\t\t\t<div class=\"elementor-widget-container\">\n\t\t\t\t\t\t\t\t\t<div class=\"elementor-button-wrapper\">\n\t\t\t\t\t<a class=\"elementor-button elementor-button-link elementor-size-sm\" href=\"\/video-de-presentation\/\">\n\t\t\t\t\t\t<span class=\"elementor-button-content-wrapper\">\n\t\t\t\t\t\t\t\t\t<span class=\"elementor-button-text\">\u00dcberzeugen Sie sich selbst<\/span>\n\t\t\t\t\t<\/span>\n\t\t\t\t\t<\/a>\n\t\t\t\t<\/div>\n\t\t\t\t\t\t\t\t<\/div>\n\t\t\t\t<\/div>\n\t\t\t\t<\/div>\n\t\t\t\t<\/div>\n\t\t<div class=\"elementor-element elementor-element-8a82db9 e-con-full e-flex e-con e-child\" data-id=\"8a82db9\" data-element_type=\"container\">\n\t\t\t\t<div class=\"elementor-element elementor-element-f161997 elementor-widget elementor-widget-image\" data-id=\"f161997\" data-element_type=\"widget\" data-widget_type=\"image.default\">\n\t\t\t\t<div class=\"elementor-widget-container\">\n\t\t\t\t\t\t\t\t\t\t\t\t\t\t\t<img fetchpriority=\"high\" decoding=\"async\" width=\"800\" height=\"800\" src=\"https:\/\/scanpiii.com\/wp-content\/uploads\/2024\/10\/tabletteSamsungGalaxyS5-1024x1024.jpg\" class=\"attachment-large size-large wp-image-33108\" alt=\"Tablette samsung qui g\u00e8re le sans contact\" srcset=\"https:\/\/scanpiii.com\/wp-content\/uploads\/2024\/10\/tabletteSamsungGalaxyS5-1024x1024.jpg 1024w, https:\/\/scanpiii.com\/wp-content\/uploads\/2024\/10\/tabletteSamsungGalaxyS5-300x300.jpg 300w, https:\/\/scanpiii.com\/wp-content\/uploads\/2024\/10\/tabletteSamsungGalaxyS5-150x150.jpg 150w, https:\/\/scanpiii.com\/wp-content\/uploads\/2024\/10\/tabletteSamsungGalaxyS5-768x768.jpg 768w, https:\/\/scanpiii.com\/wp-content\/uploads\/2024\/10\/tabletteSamsungGalaxyS5.jpg 1440w\" sizes=\"(max-width: 800px) 100vw, 800px\" \/>\t\t\t\t\t\t\t\t\t\t\t\t\t\t\t<\/div>\n\t\t\t\t<\/div>\n\t\t\t\t<\/div>\n\t\t\t\t\t<\/div>\n\t\t\t\t<\/div>\n\t\t\t\t<\/div>\n\t\t\t\t<\/div>\n\t\t<div class=\"elementor-element elementor-element-afe6278 e-con-full e-flex e-con e-parent\" data-id=\"afe6278\" data-element_type=\"container\" data-settings=\"{&quot;background_background&quot;:&quot;classic&quot;}\">\n\t\t<div class=\"elementor-element elementor-element-9359586 e-con-full e-flex e-con e-child\" data-id=\"9359586\" data-element_type=\"container\" data-settings=\"{&quot;background_background&quot;:&quot;gradient&quot;}\">\n\t\t<div class=\"elementor-element elementor-element-a583e93 wrap-header e-flex e-con-boxed e-con e-child\" data-id=\"a583e93\" data-element_type=\"container\" data-settings=\"{&quot;background_background&quot;:&quot;gradient&quot;}\">\n\t\t\t\t\t<div class=\"e-con-inner\">\n\t\t<div class=\"elementor-element elementor-element-0a2d5b5 e-con-full e-flex e-con e-child\" data-id=\"0a2d5b5\" data-element_type=\"container\">\n\t\t\t\t<div class=\"elementor-element elementor-element-6d875d4 elementor-widget elementor-widget-image\" data-id=\"6d875d4\" data-element_type=\"widget\" data-widget_type=\"image.default\">\n\t\t\t\t<div class=\"elementor-widget-container\">\n\t\t\t\t\t\t\t\t\t\t\t\t\t\t\t<img decoding=\"async\" width=\"700\" height=\"272\" data-src=\"https:\/\/scanpiii.com\/wp-content\/uploads\/2024\/10\/principauxSystemeDePaiement.png\" class=\"attachment-large size-large wp-image-33130 lazyload\" alt=\"\" data-srcset=\"https:\/\/scanpiii.com\/wp-content\/uploads\/2024\/10\/principauxSystemeDePaiement.png 700w, https:\/\/scanpiii.com\/wp-content\/uploads\/2024\/10\/principauxSystemeDePaiement-300x117.png 300w\" data-sizes=\"(max-width: 700px) 100vw, 700px\" src=\"data:image\/gif;base64,R0lGODlhAQABAAAAACH5BAEKAAEALAAAAAABAAEAAAICTAEAOw==\" style=\"--smush-placeholder-width: 700px; --smush-placeholder-aspect-ratio: 700\/272;\" \/>\t\t\t\t\t\t\t\t\t\t\t\t\t\t\t<\/div>\n\t\t\t\t<\/div>\n\t\t\t\t<\/div>\n\t\t<div class=\"elementor-element elementor-element-41a379a e-con-full e-flex e-con e-child\" data-id=\"41a379a\" data-element_type=\"container\">\n\t\t\t\t<div class=\"elementor-element elementor-element-0b13088 elementor-widget elementor-widget-heading\" data-id=\"0b13088\" data-element_type=\"widget\" data-widget_type=\"heading.default\">\n\t\t\t\t<div class=\"elementor-widget-container\">\n\t\t\t\t\t<h2 class=\"elementor-heading-title elementor-size-default\">Optionen f\u00fcr Tap on Mobile (ToM):<\/h2>\t\t\t\t<\/div>\n\t\t\t\t<\/div>\n\t\t\t\t<\/div>\n\t\t\t\t\t<\/div>\n\t\t\t\t<\/div>\n\t\t\t\t<\/div>\n\t\t\t\t<\/div>\n\t\t<div class=\"elementor-element elementor-element-bfc7892 e-con-full e-flex e-con e-parent\" data-id=\"bfc7892\" data-element_type=\"container\" data-settings=\"{&quot;background_background&quot;:&quot;classic&quot;}\">\n\t\t<div class=\"elementor-element elementor-element-c68db30 deg-tablet-mobile e-flex e-con-boxed e-con e-child\" data-id=\"c68db30\" data-element_type=\"container\" data-settings=\"{&quot;background_background&quot;:&quot;gradient&quot;}\">\n\t\t\t\t\t<div class=\"e-con-inner\">\n\t\t<div class=\"elementor-element elementor-element-9703270 e-con-full e-flex e-con e-child\" data-id=\"9703270\" data-element_type=\"container\" data-settings=\"{&quot;background_background&quot;:&quot;classic&quot;}\">\n\t\t\t\t<div class=\"elementor-element elementor-element-3af52b9 elementor-widget elementor-widget-heading\" data-id=\"3af52b9\" data-element_type=\"widget\" data-widget_type=\"heading.default\">\n\t\t\t\t<div class=\"elementor-widget-container\">\n\t\t\t\t\t<h2 class=\"elementor-heading-title elementor-size-default\">Mehr Informationen<\/h2>\t\t\t\t<\/div>\n\t\t\t\t<\/div>\n\t\t\t\t<div class=\"elementor-element elementor-element-233cb09 elementor-widget__width-initial elementor-widget elementor-widget-heading\" data-id=\"233cb09\" data-element_type=\"widget\" data-widget_type=\"heading.default\">\n\t\t\t\t<div class=\"elementor-widget-container\">\n\t\t\t\t\t<h2 class=\"elementor-heading-title elementor-size-default\">Die Vorteile der kontaktlosen Zahlungsabwicklung \u00fcber NFC auf dem Tablet:<\/h2>\t\t\t\t<\/div>\n\t\t\t\t<\/div>\n\t\t\t\t<div class=\"elementor-element elementor-element-d6b7bd6 elementor-grid-2 elementor-grid-mobile-1 elementor-grid-tablet-2 elementor-widget elementor-widget-loop-grid\" data-id=\"d6b7bd6\" data-element_type=\"widget\" data-settings=\"{&quot;template_id&quot;:30291,&quot;columns&quot;:2,&quot;columns_mobile&quot;:1,&quot;row_gap_mobile&quot;:{&quot;unit&quot;:&quot;px&quot;,&quot;size&quot;:0,&quot;sizes&quot;:[]},&quot;_skin&quot;:&quot;post&quot;,&quot;columns_tablet&quot;:&quot;2&quot;,&quot;edit_handle_selector&quot;:&quot;[data-elementor-type=\\&quot;loop-item\\&quot;]&quot;,&quot;row_gap&quot;:{&quot;unit&quot;:&quot;px&quot;,&quot;size&quot;:&quot;&quot;,&quot;sizes&quot;:[]},&quot;row_gap_tablet&quot;:{&quot;unit&quot;:&quot;px&quot;,&quot;size&quot;:&quot;&quot;,&quot;sizes&quot;:[]}}\" data-widget_type=\"loop-grid.post\">\n\t\t\t\t<div class=\"elementor-widget-container\">\n\t\t\t\t\t\t\t<div class=\"e-loop-nothing-found-message\">\n\t\t<\/div>\n\t\t\t\t\t\t<\/div>\n\t\t\t\t<\/div>\n\t\t\t\t<\/div>\n\t\t\t\t\t<\/div>\n\t\t\t\t<\/div>\n\t\t\t\t<\/div>\n\t\t\t\t<\/div>\n\t\t","protected":false},"excerpt":{"rendered":"<p>Zahlungsabwicklung direkt via Tablet Optionen f\u00fcr Tap on Mobile (ToM): Mehr Informationen Die Vorteile der kontaktlosen Zahlungsabwicklung \u00fcber NFC auf dem Tablet:<\/p>\n","protected":false},"author":1,"featured_media":33656,"parent":0,"menu_order":0,"comment_status":"closed","ping_status":"closed","template":"","meta":{"_acf_changed":false,"footnotes":""},"class_list":["post-33814","page","type-page","status-publish","has-post-thumbnail","hentry"],"acf":[],"yoast_head":"<!-- This site is optimized with the Yoast SEO plugin v26.8 - https:\/\/yoast.com\/product\/yoast-seo-wordpress\/ -->\n<title>Scanpiii - Tap on Mobile - Sie k\u00f6nnen kontaktlose Zahlungen akzeptieren<\/title>\n<meta name=\"description\" content=\"Tap on Mobile von Scanpiii: Eine sichere kontaktlose Zahlungsl\u00f6sung, mit der Sie Ihr Tablet in ein modernes Zahlungsterminal verwandeln k\u00f6nnen.\" \/>\n<meta name=\"robots\" content=\"index, follow, max-snippet:-1, max-image-preview:large, max-video-preview:-1\" \/>\n<link rel=\"canonical\" href=\"https:\/\/scanpiii.com\/de\/tap-on-mobile\/\" \/>\n<meta property=\"og:locale\" content=\"de_DE\" \/>\n<meta property=\"og:type\" content=\"article\" \/>\n<meta property=\"og:title\" content=\"Scanpiii - Tap on Mobile - Sie k\u00f6nnen kontaktlose Zahlungen akzeptieren\" \/>\n<meta property=\"og:description\" content=\"Tap on Mobile von Scanpiii: Eine sichere kontaktlose Zahlungsl\u00f6sung, mit der Sie Ihr Tablet in ein modernes Zahlungsterminal verwandeln k\u00f6nnen.\" \/>\n<meta property=\"og:url\" content=\"https:\/\/scanpiii.com\/de\/tap-on-mobile\/\" \/>\n<meta property=\"og:site_name\" content=\"Scanpiii\" \/>\n<meta property=\"article:modified_time\" content=\"2025-03-07T13:17:03+00:00\" \/>\n<meta property=\"og:image\" content=\"https:\/\/scanpiii.com\/wp-content\/uploads\/2024\/10\/scanpiii_worldline.jpg\" \/>\n\t<meta property=\"og:image:width\" content=\"2400\" \/>\n\t<meta property=\"og:image:height\" content=\"1600\" \/>\n\t<meta property=\"og:image:type\" content=\"image\/jpeg\" \/>\n<meta name=\"twitter:card\" content=\"summary_large_image\" \/>\n<script type=\"application\/ld+json\" class=\"yoast-schema-graph\">{\"@context\":\"https:\/\/schema.org\",\"@graph\":[{\"@type\":\"WebPage\",\"@id\":\"https:\/\/scanpiii.com\/de\/tap-on-mobile\/\",\"url\":\"https:\/\/scanpiii.com\/de\/tap-on-mobile\/\",\"name\":\"Scanpiii - Tap on Mobile - Sie k\u00f6nnen kontaktlose Zahlungen akzeptieren\",\"isPartOf\":{\"@id\":\"https:\/\/scanpiii.com\/de\/#website\"},\"primaryImageOfPage\":{\"@id\":\"https:\/\/scanpiii.com\/de\/tap-on-mobile\/#primaryimage\"},\"image\":{\"@id\":\"https:\/\/scanpiii.com\/de\/tap-on-mobile\/#primaryimage\"},\"thumbnailUrl\":\"https:\/\/scanpiii.com\/wp-content\/uploads\/2024\/10\/scanpiii_worldline.jpg\",\"datePublished\":\"2024-10-22T12:38:16+00:00\",\"dateModified\":\"2025-03-07T13:17:03+00:00\",\"description\":\"Tap on Mobile von Scanpiii: Eine sichere kontaktlose Zahlungsl\u00f6sung, mit der Sie Ihr Tablet in ein modernes Zahlungsterminal verwandeln k\u00f6nnen.\",\"breadcrumb\":{\"@id\":\"https:\/\/scanpiii.com\/de\/tap-on-mobile\/#breadcrumb\"},\"inLanguage\":\"de\",\"potentialAction\":[{\"@type\":\"ReadAction\",\"target\":[\"https:\/\/scanpiii.com\/de\/tap-on-mobile\/\"]}]},{\"@type\":\"ImageObject\",\"inLanguage\":\"de\",\"@id\":\"https:\/\/scanpiii.com\/de\/tap-on-mobile\/#primaryimage\",\"url\":\"https:\/\/scanpiii.com\/wp-content\/uploads\/2024\/10\/scanpiii_worldline.jpg\",\"contentUrl\":\"https:\/\/scanpiii.com\/wp-content\/uploads\/2024\/10\/scanpiii_worldline.jpg\",\"width\":2400,\"height\":1600},{\"@type\":\"BreadcrumbList\",\"@id\":\"https:\/\/scanpiii.com\/de\/tap-on-mobile\/#breadcrumb\",\"itemListElement\":[{\"@type\":\"ListItem\",\"position\":1,\"name\":\"Accueil\",\"item\":\"https:\/\/scanpiii.com\/de\/\"},{\"@type\":\"ListItem\",\"position\":2,\"name\":\"Tap on Mobile\"}]},{\"@type\":\"WebSite\",\"@id\":\"https:\/\/scanpiii.com\/de\/#website\",\"url\":\"https:\/\/scanpiii.com\/de\/\",\"name\":\"Scanpiii\",\"description\":\"Un syst\u00e8me\\u2028 de caisse performant et innovant\\u2028 d\u00e9velopp\u00e9 en Suisse\",\"publisher\":{\"@id\":\"https:\/\/scanpiii.com\/de\/#organization\"},\"potentialAction\":[{\"@type\":\"SearchAction\",\"target\":{\"@type\":\"EntryPoint\",\"urlTemplate\":\"https:\/\/scanpiii.com\/de\/?s={search_term_string}\"},\"query-input\":{\"@type\":\"PropertyValueSpecification\",\"valueRequired\":true,\"valueName\":\"search_term_string\"}}],\"inLanguage\":\"de\"},{\"@type\":\"Organization\",\"@id\":\"https:\/\/scanpiii.com\/de\/#organization\",\"name\":\"Scanpiii\",\"url\":\"https:\/\/scanpiii.com\/de\/\",\"logo\":{\"@type\":\"ImageObject\",\"inLanguage\":\"de\",\"@id\":\"https:\/\/scanpiii.com\/de\/#\/schema\/logo\/image\/\",\"url\":\"https:\/\/scanpiii.com\/wp-content\/uploads\/2024\/07\/Calque_1logo.svg\",\"contentUrl\":\"https:\/\/scanpiii.com\/wp-content\/uploads\/2024\/07\/Calque_1logo.svg\",\"width\":311,\"height\":410,\"caption\":\"Scanpiii\"},\"image\":{\"@id\":\"https:\/\/scanpiii.com\/de\/#\/schema\/logo\/image\/\"}}]}<\/script>\n<!-- \/ Yoast SEO plugin. -->","yoast_head_json":{"title":"Scanpiii - Tap on Mobile - Sie k\u00f6nnen kontaktlose Zahlungen akzeptieren","description":"Tap on Mobile von Scanpiii: Eine sichere kontaktlose Zahlungsl\u00f6sung, mit der Sie Ihr Tablet in ein modernes Zahlungsterminal verwandeln k\u00f6nnen.","robots":{"index":"index","follow":"follow","max-snippet":"max-snippet:-1","max-image-preview":"max-image-preview:large","max-video-preview":"max-video-preview:-1"},"canonical":"https:\/\/scanpiii.com\/de\/tap-on-mobile\/","og_locale":"de_DE","og_type":"article","og_title":"Scanpiii - Tap on Mobile - Sie k\u00f6nnen kontaktlose Zahlungen akzeptieren","og_description":"Tap on Mobile von Scanpiii: Eine sichere kontaktlose Zahlungsl\u00f6sung, mit der Sie Ihr Tablet in ein modernes Zahlungsterminal verwandeln k\u00f6nnen.","og_url":"https:\/\/scanpiii.com\/de\/tap-on-mobile\/","og_site_name":"Scanpiii","article_modified_time":"2025-03-07T13:17:03+00:00","og_image":[{"width":2400,"height":1600,"url":"https:\/\/scanpiii.com\/wp-content\/uploads\/2024\/10\/scanpiii_worldline.jpg","type":"image\/jpeg"}],"twitter_card":"summary_large_image","schema":{"@context":"https:\/\/schema.org","@graph":[{"@type":"WebPage","@id":"https:\/\/scanpiii.com\/de\/tap-on-mobile\/","url":"https:\/\/scanpiii.com\/de\/tap-on-mobile\/","name":"Scanpiii - Tap on Mobile - Sie k\u00f6nnen kontaktlose Zahlungen akzeptieren","isPartOf":{"@id":"https:\/\/scanpiii.com\/de\/#website"},"primaryImageOfPage":{"@id":"https:\/\/scanpiii.com\/de\/tap-on-mobile\/#primaryimage"},"image":{"@id":"https:\/\/scanpiii.com\/de\/tap-on-mobile\/#primaryimage"},"thumbnailUrl":"https:\/\/scanpiii.com\/wp-content\/uploads\/2024\/10\/scanpiii_worldline.jpg","datePublished":"2024-10-22T12:38:16+00:00","dateModified":"2025-03-07T13:17:03+00:00","description":"Tap on Mobile von Scanpiii: Eine sichere kontaktlose Zahlungsl\u00f6sung, mit der Sie Ihr Tablet in ein modernes Zahlungsterminal verwandeln k\u00f6nnen.","breadcrumb":{"@id":"https:\/\/scanpiii.com\/de\/tap-on-mobile\/#breadcrumb"},"inLanguage":"de","potentialAction":[{"@type":"ReadAction","target":["https:\/\/scanpiii.com\/de\/tap-on-mobile\/"]}]},{"@type":"ImageObject","inLanguage":"de","@id":"https:\/\/scanpiii.com\/de\/tap-on-mobile\/#primaryimage","url":"https:\/\/scanpiii.com\/wp-content\/uploads\/2024\/10\/scanpiii_worldline.jpg","contentUrl":"https:\/\/scanpiii.com\/wp-content\/uploads\/2024\/10\/scanpiii_worldline.jpg","width":2400,"height":1600},{"@type":"BreadcrumbList","@id":"https:\/\/scanpiii.com\/de\/tap-on-mobile\/#breadcrumb","itemListElement":[{"@type":"ListItem","position":1,"name":"Accueil","item":"https:\/\/scanpiii.com\/de\/"},{"@type":"ListItem","position":2,"name":"Tap on Mobile"}]},{"@type":"WebSite","@id":"https:\/\/scanpiii.com\/de\/#website","url":"https:\/\/scanpiii.com\/de\/","name":"Scanpiii","description":"Un syst\u00e8me\u2028 de caisse performant et innovant\u2028 d\u00e9velopp\u00e9 en Suisse","publisher":{"@id":"https:\/\/scanpiii.com\/de\/#organization"},"potentialAction":[{"@type":"SearchAction","target":{"@type":"EntryPoint","urlTemplate":"https:\/\/scanpiii.com\/de\/?s={search_term_string}"},"query-input":{"@type":"PropertyValueSpecification","valueRequired":true,"valueName":"search_term_string"}}],"inLanguage":"de"},{"@type":"Organization","@id":"https:\/\/scanpiii.com\/de\/#organization","name":"Scanpiii","url":"https:\/\/scanpiii.com\/de\/","logo":{"@type":"ImageObject","inLanguage":"de","@id":"https:\/\/scanpiii.com\/de\/#\/schema\/logo\/image\/","url":"https:\/\/scanpiii.com\/wp-content\/uploads\/2024\/07\/Calque_1logo.svg","contentUrl":"https:\/\/scanpiii.com\/wp-content\/uploads\/2024\/07\/Calque_1logo.svg","width":311,"height":410,"caption":"Scanpiii"},"image":{"@id":"https:\/\/scanpiii.com\/de\/#\/schema\/logo\/image\/"}}]}},"_links":{"self":[{"href":"https:\/\/scanpiii.com\/de\/wp-json\/wp\/v2\/pages\/33814","targetHints":{"allow":["GET"]}}],"collection":[{"href":"https:\/\/scanpiii.com\/de\/wp-json\/wp\/v2\/pages"}],"about":[{"href":"https:\/\/scanpiii.com\/de\/wp-json\/wp\/v2\/types\/page"}],"author":[{"embeddable":true,"href":"https:\/\/scanpiii.com\/de\/wp-json\/wp\/v2\/users\/1"}],"replies":[{"embeddable":true,"href":"https:\/\/scanpiii.com\/de\/wp-json\/wp\/v2\/comments?post=33814"}],"version-history":[{"count":4,"href":"https:\/\/scanpiii.com\/de\/wp-json\/wp\/v2\/pages\/33814\/revisions"}],"predecessor-version":[{"id":34858,"href":"https:\/\/scanpiii.com\/de\/wp-json\/wp\/v2\/pages\/33814\/revisions\/34858"}],"wp:featuredmedia":[{"embeddable":true,"href":"https:\/\/scanpiii.com\/de\/wp-json\/wp\/v2\/media\/33656"}],"wp:attachment":[{"href":"https:\/\/scanpiii.com\/de\/wp-json\/wp\/v2\/media?parent=33814"}],"curies":[{"name":"wp","href":"https:\/\/api.w.org\/{rel}","templated":true}]}}