{"id":33824,"date":"2024-09-26T11:57:08","date_gmt":"2024-09-26T09:57:08","guid":{"rendered":"https:\/\/scanpiii.com\/worldline\/"},"modified":"2024-11-26T00:31:44","modified_gmt":"2024-11-25T23:31:44","slug":"worldline","status":"publish","type":"page","link":"https:\/\/scanpiii.com\/de\/worldline\/","title":{"rendered":"Worldline"},"content":{"rendered":"\t\t<div data-elementor-type=\"wp-page\" data-elementor-id=\"33824\" class=\"elementor elementor-33824 elementor-32399\" data-elementor-post-type=\"page\">\n\t\t\t\t<div class=\"elementor-element elementor-element-a856e08 e-con-full e-flex e-con e-parent\" data-id=\"a856e08\" data-element_type=\"container\" data-settings=\"{&quot;background_background&quot;:&quot;classic&quot;}\">\n\t\t<div class=\"elementor-element elementor-element-0d28135 e-con-full e-flex e-con e-child\" data-id=\"0d28135\" data-element_type=\"container\" data-settings=\"{&quot;background_background&quot;:&quot;gradient&quot;}\">\n\t\t<div class=\"elementor-element elementor-element-a4d2f0a wrap-header e-flex e-con-boxed e-con e-child\" data-id=\"a4d2f0a\" data-element_type=\"container\" data-settings=\"{&quot;background_background&quot;:&quot;gradient&quot;}\">\n\t\t\t\t\t<div class=\"e-con-inner\">\n\t\t<div class=\"elementor-element elementor-element-3458c2e e-con-full e-flex e-con e-child\" data-id=\"3458c2e\" data-element_type=\"container\">\n\t\t\t\t<div class=\"elementor-element elementor-element-dd78e7f elementor-widget elementor-widget-heading\" data-id=\"dd78e7f\" data-element_type=\"widget\" data-widget_type=\"heading.default\">\n\t\t\t\t<div class=\"elementor-widget-container\">\n\t\t\t\t\t<h2 class=\"elementor-heading-title elementor-size-default\">Formulaire de prospect<\/h2>\t\t\t\t<\/div>\n\t\t\t\t<\/div>\n\t\t\t\t<div class=\"elementor-element elementor-element-3a960f1 elementor-widget elementor-widget-heading\" data-id=\"3a960f1\" data-element_type=\"widget\" data-widget_type=\"heading.default\">\n\t\t\t\t<div class=\"elementor-widget-container\">\n\t\t\t\t\t<h1 class=\"elementor-heading-title elementor-size-default\">Worldline<\/h1>\t\t\t\t<\/div>\n\t\t\t\t<\/div>\n\t\t\t\t<div class=\"elementor-element elementor-element-5b7162a elementor-widget elementor-widget-text-editor\" data-id=\"5b7162a\" data-element_type=\"widget\" data-widget_type=\"text-editor.default\">\n\t\t\t\t<div class=\"elementor-widget-container\">\n\t\t\t\t\t\t\t\t\t<p>Willkommen auf der Worldline-Leads-Seite! Dieses Formular erm\u00f6glicht es Ihnen, uns wichtige Informationen \u00fcber Ihre potenziellen Kunden zu \u00fcbermitteln, damit wir sie optimal betreuen k\u00f6nnen. Bitte f\u00fcllen Sie die untenstehenden Felder mit den erforderlichen Angaben aus, sodass wir Ihren Kunden einen individuellen und auf ihre Bed\u00fcrfnisse abgestimmten Service bieten k\u00f6nnen.<\/p>\n<p>Vielen Dank f\u00fcr Ihre Zusammenarbeit \u2013 gemeinsam erleichtern wir Ihren Verkaufserfolg!<\/p>\n\t\t\t\t\t\t\t\t<\/div>\n\t\t\t\t<\/div>\n\t\t<div class=\"elementor-element elementor-element-8d37a31 e-con-full e-flex e-con e-child\" data-id=\"8d37a31\" data-element_type=\"container\">\n\t\t\t\t<div class=\"elementor-element elementor-element-e1c520a elementor-widget elementor-widget-heading\" data-id=\"e1c520a\" data-element_type=\"widget\" data-widget_type=\"heading.default\">\n\t\t\t\t<div class=\"elementor-widget-container\">\n\t\t\t\t\t<h2 class=\"elementor-heading-title elementor-size-default\"><a href=\"https:\/\/scanpiii.com\/contact\/\">Unser Team kontaktieren \u2192.<\/a><\/h2>\t\t\t\t<\/div>\n\t\t\t\t<\/div>\n\t\t\t\t<\/div>\n\t\t\t\t<\/div>\n\t\t<div class=\"elementor-element elementor-element-88886e7 e-con-full e-flex e-con e-child\" data-id=\"88886e7\" data-element_type=\"container\">\n\t\t\t\t<div class=\"elementor-element elementor-element-8ca20ee elementor-button-align-stretch elementor-widget elementor-widget-form\" data-id=\"8ca20ee\" data-element_type=\"widget\" data-settings=\"{&quot;step_next_label&quot;:&quot;N\\u00e4chste&quot;,&quot;step_previous_label&quot;:&quot;Vorherige&quot;,&quot;button_width&quot;:&quot;100&quot;,&quot;step_type&quot;:&quot;number_text&quot;,&quot;step_icon_shape&quot;:&quot;circle&quot;}\" data-widget_type=\"form.default\">\n\t\t\t\t<div class=\"elementor-widget-container\">\n\t\t\t\t\t\t\t<form class=\"elementor-form\" method=\"post\" name=\"Neues Formular\">\n\t\t\t<input type=\"hidden\" name=\"post_id\" value=\"33824\"\/>\n\t\t\t<input type=\"hidden\" name=\"form_id\" value=\"8ca20ee\"\/>\n\t\t\t<input type=\"hidden\" name=\"referer_title\" value=\"Scanpiii\" \/>\n\n\t\t\t\n\t\t\t<div class=\"elementor-form-fields-wrapper elementor-labels-above\">\n\t\t\t\t\t\t\t\t<div class=\"elementor-field-type-html elementor-field-group elementor-column elementor-field-group-field_9f6094b elementor-col-100\">\n\t\t\t\t\tDaten des Leads\t\t\t\t<\/div>\n\t\t\t\t\t\t\t\t<div class=\"elementor-field-type-text elementor-field-group elementor-column elementor-field-group-societe elementor-col-100\">\n\t\t\t\t\t\t\t\t\t\t\t\t<label for=\"form-field-societe\" class=\"elementor-field-label\">\n\t\t\t\t\t\t\t\tFirma\t\t\t\t\t\t\t<\/label>\n\t\t\t\t\t\t\t\t\t\t\t\t\t\t<input size=\"1\" type=\"text\" name=\"form_fields[societe]\" id=\"form-field-societe\" class=\"elementor-field elementor-size-sm  elementor-field-textual\">\n\t\t\t\t\t\t\t\t\t\t\t<\/div>\n\t\t\t\t\t\t\t\t<div class=\"elementor-field-type-text elementor-field-group elementor-column elementor-field-group-nom elementor-col-50\">\n\t\t\t\t\t\t\t\t\t\t\t\t<label for=\"form-field-nom\" class=\"elementor-field-label\">\n\t\t\t\t\t\t\t\tName\t\t\t\t\t\t\t<\/label>\n\t\t\t\t\t\t\t\t\t\t\t\t\t\t<input size=\"1\" type=\"text\" name=\"form_fields[nom]\" id=\"form-field-nom\" class=\"elementor-field elementor-size-sm  elementor-field-textual\">\n\t\t\t\t\t\t\t\t\t\t\t<\/div>\n\t\t\t\t\t\t\t\t<div class=\"elementor-field-type-text elementor-field-group elementor-column elementor-field-group-prenom elementor-col-50\">\n\t\t\t\t\t\t\t\t\t\t\t\t<label for=\"form-field-prenom\" class=\"elementor-field-label\">\n\t\t\t\t\t\t\t\tVorname\t\t\t\t\t\t\t<\/label>\n\t\t\t\t\t\t\t\t\t\t\t\t\t\t<input size=\"1\" type=\"text\" name=\"form_fields[prenom]\" id=\"form-field-prenom\" class=\"elementor-field elementor-size-sm  elementor-field-textual\">\n\t\t\t\t\t\t\t\t\t\t\t<\/div>\n\t\t\t\t\t\t\t\t<div class=\"elementor-field-type-select elementor-field-group elementor-column elementor-field-group-contract elementor-col-50\">\n\t\t\t\t\t\t\t\t\t\t\t\t<label for=\"form-field-contract\" class=\"elementor-field-label\">\n\t\t\t\t\t\t\t\tBestehender Vertrag Worldline\t\t\t\t\t\t\t<\/label>\n\t\t\t\t\t\t\t\t<div class=\"elementor-field elementor-select-wrapper remove-before \">\n\t\t\t<div class=\"select-caret-down-wrapper\">\n\t\t\t\t<svg aria-hidden=\"true\" class=\"e-font-icon-svg e-eicon-caret-down\" viewBox=\"0 0 571.4 571.4\" xmlns=\"http:\/\/www.w3.org\/2000\/svg\"><path d=\"M571 393Q571 407 561 418L311 668Q300 679 286 679T261 668L11 418Q0 407 0 393T11 368 36 357H536Q550 357 561 368T571 393Z\"><\/path><\/svg>\t\t\t<\/div>\n\t\t\t<select name=\"form_fields[contract]\" id=\"form-field-contract\" class=\"elementor-field-textual elementor-size-sm\">\n\t\t\t\t\t\t\t\t\t<option value=\"Ja\">Ja<\/option>\n\t\t\t\t\t\t\t\t\t<option value=\"Nein\">Nein<\/option>\n\t\t\t\t\t\t\t<\/select>\n\t\t<\/div>\n\t\t\t\t\t\t<\/div>\n\t\t\t\t\t\t\t\t<div class=\"elementor-field-type-select elementor-field-group elementor-column elementor-field-group-tablettes elementor-col-50\">\n\t\t\t\t\t\t\t\t\t\t\t\t<label for=\"form-field-tablettes\" class=\"elementor-field-label\">\n\t\t\t\t\t\t\t\tAnz. der verbundenen Tablets\t\t\t\t\t\t\t<\/label>\n\t\t\t\t\t\t\t\t<div class=\"elementor-field elementor-select-wrapper remove-before \">\n\t\t\t<div class=\"select-caret-down-wrapper\">\n\t\t\t\t<svg aria-hidden=\"true\" class=\"e-font-icon-svg e-eicon-caret-down\" viewBox=\"0 0 571.4 571.4\" xmlns=\"http:\/\/www.w3.org\/2000\/svg\"><path d=\"M571 393Q571 407 561 418L311 668Q300 679 286 679T261 668L11 418Q0 407 0 393T11 368 36 357H536Q550 357 561 368T571 393Z\"><\/path><\/svg>\t\t\t<\/div>\n\t\t\t<select name=\"form_fields[tablettes]\" id=\"form-field-tablettes\" class=\"elementor-field-textual elementor-size-sm\">\n\t\t\t\t\t\t\t\t\t<option value=\"von 1 bis 5\">von 1 bis 5<\/option>\n\t\t\t\t\t\t\t\t\t<option value=\"von 6 bis 10\">von 6 bis 10<\/option>\n\t\t\t\t\t\t\t\t\t<option value=\"mehr als 10\">mehr als 10<\/option>\n\t\t\t\t\t\t\t<\/select>\n\t\t<\/div>\n\t\t\t\t\t\t<\/div>\n\t\t\t\t\t\t\t\t<div class=\"elementor-field-type-email elementor-field-group elementor-column elementor-field-group-emailclient elementor-col-100 elementor-field-required\">\n\t\t\t\t\t\t\t\t\t\t\t\t<label for=\"form-field-emailclient\" class=\"elementor-field-label\">\n\t\t\t\t\t\t\t\tE-Mail des Kunden\t\t\t\t\t\t\t<\/label>\n\t\t\t\t\t\t\t\t\t\t\t\t\t\t<input size=\"1\" type=\"email\" name=\"form_fields[emailclient]\" id=\"form-field-emailclient\" class=\"elementor-field elementor-size-sm  elementor-field-textual\" required=\"required\">\n\t\t\t\t\t\t\t\t\t\t\t<\/div>\n\t\t\t\t\t\t\t\t<div class=\"elementor-field-type-textarea elementor-field-group elementor-column elementor-field-group-message elementor-col-100\">\n\t\t\t\t\t\t\t\t\t\t\t\t<label for=\"form-field-message\" class=\"elementor-field-label\">\n\t\t\t\t\t\t\t\tWeitere spezifische Informationen\t\t\t\t\t\t\t<\/label>\n\t\t\t\t\t\t<textarea class=\"elementor-field-textual elementor-field  elementor-size-sm\" name=\"form_fields[message]\" id=\"form-field-message\" rows=\"4\"><\/textarea>\t\t\t\t<\/div>\n\t\t\t\t\t\t\t\t<div class=\"elementor-field-type-html elementor-field-group elementor-column elementor-field-group-field_b72cc11 elementor-col-100\">\n\t\t\t\t\tDaten des Worldline-Vertreters\t\t\t\t<\/div>\n\t\t\t\t\t\t\t\t<div class=\"elementor-field-type-text elementor-field-group elementor-column elementor-field-group-nomvendeur elementor-col-50\">\n\t\t\t\t\t\t\t\t\t\t\t\t<label for=\"form-field-nomvendeur\" class=\"elementor-field-label\">\n\t\t\t\t\t\t\t\tName\t\t\t\t\t\t\t<\/label>\n\t\t\t\t\t\t\t\t\t\t\t\t\t\t<input size=\"1\" type=\"text\" name=\"form_fields[nomvendeur]\" id=\"form-field-nomvendeur\" class=\"elementor-field elementor-size-sm  elementor-field-textual\">\n\t\t\t\t\t\t\t\t\t\t\t<\/div>\n\t\t\t\t\t\t\t\t<div class=\"elementor-field-type-text elementor-field-group elementor-column elementor-field-group-prenomvendeur elementor-col-50\">\n\t\t\t\t\t\t\t\t\t\t\t\t<label for=\"form-field-prenomvendeur\" class=\"elementor-field-label\">\n\t\t\t\t\t\t\t\tVorname\t\t\t\t\t\t\t<\/label>\n\t\t\t\t\t\t\t\t\t\t\t\t\t\t<input size=\"1\" type=\"text\" name=\"form_fields[prenomvendeur]\" id=\"form-field-prenomvendeur\" class=\"elementor-field elementor-size-sm  elementor-field-textual\">\n\t\t\t\t\t\t\t\t\t\t\t<\/div>\n\t\t\t\t\t\t\t\t<div class=\"elementor-field-type-email elementor-field-group elementor-column elementor-field-group-emailvendeur elementor-col-100\">\n\t\t\t\t\t\t\t\t\t\t\t\t<label for=\"form-field-emailvendeur\" class=\"elementor-field-label\">\n\t\t\t\t\t\t\t\tEmail\t\t\t\t\t\t\t<\/label>\n\t\t\t\t\t\t\t\t\t\t\t\t\t\t<input size=\"1\" type=\"email\" name=\"form_fields[emailvendeur]\" id=\"form-field-emailvendeur\" class=\"elementor-field elementor-size-sm  elementor-field-textual\">\n\t\t\t\t\t\t\t\t\t\t\t<\/div>\n\t\t\t\t\t\t\t\t<div class=\"elementor-field-type-recaptcha_v3 elementor-field-group elementor-column elementor-field-group-field_5feb567 elementor-col-100 recaptcha_v3-bottomright\">\n\t\t\t\t\t<div class=\"elementor-field\" id=\"form-field-field_5feb567\"><div class=\"elementor-g-recaptcha\" data-sitekey=\"6LdI2GoqAAAAALRY6sydsPSn7lg_ktTYTAho5_rw\" data-type=\"v3\" data-action=\"Form\" data-badge=\"bottomright\" data-size=\"invisible\"><\/div><\/div>\t\t\t\t<\/div>\n\t\t\t\t\t\t\t\t<div class=\"elementor-field-group elementor-column elementor-field-type-submit elementor-col-100 e-form__buttons\">\n\t\t\t\t\t<button class=\"elementor-button elementor-size-sm\" type=\"submit\">\n\t\t\t\t\t\t<span class=\"elementor-button-content-wrapper\">\n\t\t\t\t\t\t\t\t\t\t\t\t\t\t\t\t\t\t\t\t\t\t<span class=\"elementor-button-text\">Senden<\/span>\n\t\t\t\t\t\t\t\t\t\t\t\t\t<\/span>\n\t\t\t\t\t<\/button>\n\t\t\t\t<\/div>\n\t\t\t<\/div>\n\t\t<\/form>\n\t\t\t\t\t\t<\/div>\n\t\t\t\t<\/div>\n\t\t\t\t<\/div>\n\t\t\t\t\t<\/div>\n\t\t\t\t<\/div>\n\t\t\t\t<\/div>\n\t\t\t\t<\/div>\n\t\t\t\t<\/div>\n\t\t","protected":false},"excerpt":{"rendered":"<p>Unser Team kontaktieren \u2192.<\/p>\n","protected":false},"author":1,"featured_media":33581,"parent":0,"menu_order":0,"comment_status":"closed","ping_status":"closed","template":"elementor_header_footer","meta":{"_acf_changed":false,"footnotes":""},"class_list":["post-33824","page","type-page","status-publish","has-post-thumbnail","hentry"],"acf":[],"yoast_head":"<!-- This site is optimized with the Yoast SEO plugin v26.8 - https:\/\/yoast.com\/product\/yoast-seo-wordpress\/ -->\n<title>Scanpiii - Worldline<\/title>\n<meta name=\"description\" content=\"Scanpiii x Worldline: Eine Seite, die dem Austausch von Kundeninformationen und der Bereitstellung eines ma\u00dfgeschneiderten Services gewidmet ist.\" \/>\n<meta name=\"robots\" content=\"index, follow, max-snippet:-1, max-image-preview:large, max-video-preview:-1\" \/>\n<link rel=\"canonical\" href=\"https:\/\/scanpiii.com\/de\/worldline\/\" \/>\n<meta property=\"og:locale\" content=\"de_DE\" \/>\n<meta property=\"og:type\" content=\"article\" \/>\n<meta property=\"og:title\" content=\"Scanpiii - Worldline\" \/>\n<meta property=\"og:description\" content=\"Scanpiii x Worldline: Eine Seite, die dem Austausch von Kundeninformationen und der Bereitstellung eines ma\u00dfgeschneiderten Services gewidmet ist.\" \/>\n<meta property=\"og:url\" content=\"https:\/\/scanpiii.com\/de\/worldline\/\" \/>\n<meta property=\"og:site_name\" content=\"Scanpiii\" \/>\n<meta property=\"article:modified_time\" content=\"2024-11-25T23:31:44+00:00\" \/>\n<meta property=\"og:image\" content=\"https:\/\/scanpiii.com\/wp-content\/uploads\/2024\/07\/gyvnvrygcuw.jpg\" \/>\n\t<meta property=\"og:image:width\" content=\"1600\" \/>\n\t<meta property=\"og:image:height\" content=\"1139\" \/>\n\t<meta property=\"og:image:type\" content=\"image\/jpeg\" \/>\n<meta name=\"twitter:card\" content=\"summary_large_image\" \/>\n<script type=\"application\/ld+json\" class=\"yoast-schema-graph\">{\"@context\":\"https:\/\/schema.org\",\"@graph\":[{\"@type\":\"WebPage\",\"@id\":\"https:\/\/scanpiii.com\/de\/worldline\/\",\"url\":\"https:\/\/scanpiii.com\/de\/worldline\/\",\"name\":\"Scanpiii - Worldline\",\"isPartOf\":{\"@id\":\"https:\/\/scanpiii.com\/de\/#website\"},\"primaryImageOfPage\":{\"@id\":\"https:\/\/scanpiii.com\/de\/worldline\/#primaryimage\"},\"image\":{\"@id\":\"https:\/\/scanpiii.com\/de\/worldline\/#primaryimage\"},\"thumbnailUrl\":\"https:\/\/scanpiii.com\/wp-content\/uploads\/2024\/07\/gyvnvrygcuw.jpg\",\"datePublished\":\"2024-09-26T09:57:08+00:00\",\"dateModified\":\"2024-11-25T23:31:44+00:00\",\"description\":\"Scanpiii x Worldline: Eine Seite, die dem Austausch von Kundeninformationen und der Bereitstellung eines ma\u00dfgeschneiderten Services gewidmet ist.\",\"breadcrumb\":{\"@id\":\"https:\/\/scanpiii.com\/de\/worldline\/#breadcrumb\"},\"inLanguage\":\"de\",\"potentialAction\":[{\"@type\":\"ReadAction\",\"target\":[\"https:\/\/scanpiii.com\/de\/worldline\/\"]}]},{\"@type\":\"ImageObject\",\"inLanguage\":\"de\",\"@id\":\"https:\/\/scanpiii.com\/de\/worldline\/#primaryimage\",\"url\":\"https:\/\/scanpiii.com\/wp-content\/uploads\/2024\/07\/gyvnvrygcuw.jpg\",\"contentUrl\":\"https:\/\/scanpiii.com\/wp-content\/uploads\/2024\/07\/gyvnvrygcuw.jpg\",\"width\":1600,\"height\":1139},{\"@type\":\"BreadcrumbList\",\"@id\":\"https:\/\/scanpiii.com\/de\/worldline\/#breadcrumb\",\"itemListElement\":[{\"@type\":\"ListItem\",\"position\":1,\"name\":\"Accueil\",\"item\":\"https:\/\/scanpiii.com\/de\/\"},{\"@type\":\"ListItem\",\"position\":2,\"name\":\"Worldline\"}]},{\"@type\":\"WebSite\",\"@id\":\"https:\/\/scanpiii.com\/de\/#website\",\"url\":\"https:\/\/scanpiii.com\/de\/\",\"name\":\"Scanpiii\",\"description\":\"Un syst\u00e8me\\u2028 de caisse performant et innovant\\u2028 d\u00e9velopp\u00e9 en Suisse\",\"publisher\":{\"@id\":\"https:\/\/scanpiii.com\/de\/#organization\"},\"potentialAction\":[{\"@type\":\"SearchAction\",\"target\":{\"@type\":\"EntryPoint\",\"urlTemplate\":\"https:\/\/scanpiii.com\/de\/?s={search_term_string}\"},\"query-input\":{\"@type\":\"PropertyValueSpecification\",\"valueRequired\":true,\"valueName\":\"search_term_string\"}}],\"inLanguage\":\"de\"},{\"@type\":\"Organization\",\"@id\":\"https:\/\/scanpiii.com\/de\/#organization\",\"name\":\"Scanpiii\",\"url\":\"https:\/\/scanpiii.com\/de\/\",\"logo\":{\"@type\":\"ImageObject\",\"inLanguage\":\"de\",\"@id\":\"https:\/\/scanpiii.com\/de\/#\/schema\/logo\/image\/\",\"url\":\"https:\/\/scanpiii.com\/wp-content\/uploads\/2024\/07\/Calque_1logo.svg\",\"contentUrl\":\"https:\/\/scanpiii.com\/wp-content\/uploads\/2024\/07\/Calque_1logo.svg\",\"width\":311,\"height\":410,\"caption\":\"Scanpiii\"},\"image\":{\"@id\":\"https:\/\/scanpiii.com\/de\/#\/schema\/logo\/image\/\"}}]}<\/script>\n<!-- \/ Yoast SEO plugin. -->","yoast_head_json":{"title":"Scanpiii - Worldline","description":"Scanpiii x Worldline: Eine Seite, die dem Austausch von Kundeninformationen und der Bereitstellung eines ma\u00dfgeschneiderten Services gewidmet ist.","robots":{"index":"index","follow":"follow","max-snippet":"max-snippet:-1","max-image-preview":"max-image-preview:large","max-video-preview":"max-video-preview:-1"},"canonical":"https:\/\/scanpiii.com\/de\/worldline\/","og_locale":"de_DE","og_type":"article","og_title":"Scanpiii - Worldline","og_description":"Scanpiii x Worldline: Eine Seite, die dem Austausch von Kundeninformationen und der Bereitstellung eines ma\u00dfgeschneiderten Services gewidmet ist.","og_url":"https:\/\/scanpiii.com\/de\/worldline\/","og_site_name":"Scanpiii","article_modified_time":"2024-11-25T23:31:44+00:00","og_image":[{"width":1600,"height":1139,"url":"https:\/\/scanpiii.com\/wp-content\/uploads\/2024\/07\/gyvnvrygcuw.jpg","type":"image\/jpeg"}],"twitter_card":"summary_large_image","schema":{"@context":"https:\/\/schema.org","@graph":[{"@type":"WebPage","@id":"https:\/\/scanpiii.com\/de\/worldline\/","url":"https:\/\/scanpiii.com\/de\/worldline\/","name":"Scanpiii - Worldline","isPartOf":{"@id":"https:\/\/scanpiii.com\/de\/#website"},"primaryImageOfPage":{"@id":"https:\/\/scanpiii.com\/de\/worldline\/#primaryimage"},"image":{"@id":"https:\/\/scanpiii.com\/de\/worldline\/#primaryimage"},"thumbnailUrl":"https:\/\/scanpiii.com\/wp-content\/uploads\/2024\/07\/gyvnvrygcuw.jpg","datePublished":"2024-09-26T09:57:08+00:00","dateModified":"2024-11-25T23:31:44+00:00","description":"Scanpiii x Worldline: Eine Seite, die dem Austausch von Kundeninformationen und der Bereitstellung eines ma\u00dfgeschneiderten Services gewidmet ist.","breadcrumb":{"@id":"https:\/\/scanpiii.com\/de\/worldline\/#breadcrumb"},"inLanguage":"de","potentialAction":[{"@type":"ReadAction","target":["https:\/\/scanpiii.com\/de\/worldline\/"]}]},{"@type":"ImageObject","inLanguage":"de","@id":"https:\/\/scanpiii.com\/de\/worldline\/#primaryimage","url":"https:\/\/scanpiii.com\/wp-content\/uploads\/2024\/07\/gyvnvrygcuw.jpg","contentUrl":"https:\/\/scanpiii.com\/wp-content\/uploads\/2024\/07\/gyvnvrygcuw.jpg","width":1600,"height":1139},{"@type":"BreadcrumbList","@id":"https:\/\/scanpiii.com\/de\/worldline\/#breadcrumb","itemListElement":[{"@type":"ListItem","position":1,"name":"Accueil","item":"https:\/\/scanpiii.com\/de\/"},{"@type":"ListItem","position":2,"name":"Worldline"}]},{"@type":"WebSite","@id":"https:\/\/scanpiii.com\/de\/#website","url":"https:\/\/scanpiii.com\/de\/","name":"Scanpiii","description":"Un syst\u00e8me\u2028 de caisse performant et innovant\u2028 d\u00e9velopp\u00e9 en Suisse","publisher":{"@id":"https:\/\/scanpiii.com\/de\/#organization"},"potentialAction":[{"@type":"SearchAction","target":{"@type":"EntryPoint","urlTemplate":"https:\/\/scanpiii.com\/de\/?s={search_term_string}"},"query-input":{"@type":"PropertyValueSpecification","valueRequired":true,"valueName":"search_term_string"}}],"inLanguage":"de"},{"@type":"Organization","@id":"https:\/\/scanpiii.com\/de\/#organization","name":"Scanpiii","url":"https:\/\/scanpiii.com\/de\/","logo":{"@type":"ImageObject","inLanguage":"de","@id":"https:\/\/scanpiii.com\/de\/#\/schema\/logo\/image\/","url":"https:\/\/scanpiii.com\/wp-content\/uploads\/2024\/07\/Calque_1logo.svg","contentUrl":"https:\/\/scanpiii.com\/wp-content\/uploads\/2024\/07\/Calque_1logo.svg","width":311,"height":410,"caption":"Scanpiii"},"image":{"@id":"https:\/\/scanpiii.com\/de\/#\/schema\/logo\/image\/"}}]}},"_links":{"self":[{"href":"https:\/\/scanpiii.com\/de\/wp-json\/wp\/v2\/pages\/33824","targetHints":{"allow":["GET"]}}],"collection":[{"href":"https:\/\/scanpiii.com\/de\/wp-json\/wp\/v2\/pages"}],"about":[{"href":"https:\/\/scanpiii.com\/de\/wp-json\/wp\/v2\/types\/page"}],"author":[{"embeddable":true,"href":"https:\/\/scanpiii.com\/de\/wp-json\/wp\/v2\/users\/1"}],"replies":[{"embeddable":true,"href":"https:\/\/scanpiii.com\/de\/wp-json\/wp\/v2\/comments?post=33824"}],"version-history":[{"count":1,"href":"https:\/\/scanpiii.com\/de\/wp-json\/wp\/v2\/pages\/33824\/revisions"}],"predecessor-version":[{"id":33825,"href":"https:\/\/scanpiii.com\/de\/wp-json\/wp\/v2\/pages\/33824\/revisions\/33825"}],"wp:featuredmedia":[{"embeddable":true,"href":"https:\/\/scanpiii.com\/de\/wp-json\/wp\/v2\/media\/33581"}],"wp:attachment":[{"href":"https:\/\/scanpiii.com\/de\/wp-json\/wp\/v2\/media?parent=33824"}],"curies":[{"name":"wp","href":"https:\/\/api.w.org\/{rel}","templated":true}]}}