{"id":33844,"date":"2024-10-22T21:45:21","date_gmt":"2024-10-22T19:45:21","guid":{"rendered":"https:\/\/scanpiii.com\/videos\/"},"modified":"2025-03-07T14:14:58","modified_gmt":"2025-03-07T13:14:58","slug":"videos","status":"publish","type":"page","link":"https:\/\/scanpiii.com\/de\/videos\/","title":{"rendered":"Videos"},"content":{"rendered":"\t\t<div data-elementor-type=\"wp-page\" data-elementor-id=\"33844\" class=\"elementor elementor-33844 elementor-33103\" data-elementor-post-type=\"page\">\n\t\t\t\t<div class=\"elementor-element elementor-element-0ac0db4 e-flex e-con-boxed e-con e-parent\" data-id=\"0ac0db4\" data-element_type=\"container\" data-settings=\"{&quot;background_background&quot;:&quot;classic&quot;}\">\n\t\t\t\t\t<div class=\"e-con-inner\">\n\t\t<div class=\"elementor-element elementor-element-7ac6e8d e-con-full e-flex e-con e-child\" data-id=\"7ac6e8d\" data-element_type=\"container\" data-settings=\"{&quot;background_background&quot;:&quot;gradient&quot;}\">\n\t\t<div class=\"elementor-element elementor-element-b02916c wrap-header e-flex e-con-boxed e-con e-child\" data-id=\"b02916c\" data-element_type=\"container\" data-settings=\"{&quot;background_background&quot;:&quot;gradient&quot;}\">\n\t\t\t\t\t<div class=\"e-con-inner\">\n\t\t<div class=\"elementor-element elementor-element-8b7b9d5 e-con-full e-flex e-con e-child\" data-id=\"8b7b9d5\" data-element_type=\"container\">\n\t\t\t\t<div class=\"elementor-element elementor-element-7d6437d elementor-widget elementor-widget-heading\" data-id=\"7d6437d\" data-element_type=\"widget\" data-widget_type=\"heading.default\">\n\t\t\t\t<div class=\"elementor-widget-container\">\n\t\t\t\t\t<h2 class=\"elementor-heading-title elementor-size-default\">Pr\u00e4sentation des Kassensystems<\/h2>\t\t\t\t<\/div>\n\t\t\t\t<\/div>\n\t\t\t\t<div class=\"elementor-element elementor-element-448d567 elementor-widget elementor-widget-heading\" data-id=\"448d567\" data-element_type=\"widget\" data-widget_type=\"heading.default\">\n\t\t\t\t<div class=\"elementor-widget-container\">\n\t\t\t\t\t<h1 class=\"elementor-heading-title elementor-size-default\">Entdecken Sie unser Kassensystem im Video<\/h1>\t\t\t\t<\/div>\n\t\t\t\t<\/div>\n\t\t\t\t<div class=\"elementor-element elementor-element-cf0f824 elementor-widget elementor-widget-text-editor\" data-id=\"cf0f824\" data-element_type=\"widget\" data-widget_type=\"text-editor.default\">\n\t\t\t\t<div class=\"elementor-widget-container\">\n\t\t\t\t\t\t\t\t\t<p>Entdecken Sie im Detail die Funktionsweise unserer Kassensysteme der n\u00e4chsten Generation, die speziell entwickelt wurden, um den Bed\u00fcrfnissen von Restaurants, Bars und modernen Gesch\u00e4ften gerecht zu werden.<\/p>\n<p>Jedes Video f\u00fchrt Sie durch die wichtigsten Funktionen unserer All-in-One-L\u00f6sung.<\/p>\n\t\t\t\t\t\t\t\t<\/div>\n\t\t\t\t<\/div>\n\t\t\t\t<\/div>\n\t\t<div class=\"elementor-element elementor-element-a59028c e-con-full e-flex e-con e-child\" data-id=\"a59028c\" data-element_type=\"container\">\n\t\t\t\t<div class=\"elementor-element elementor-element-c2ef237 elementor-widget elementor-widget-image\" data-id=\"c2ef237\" data-element_type=\"widget\" data-widget_type=\"image.default\">\n\t\t\t\t<div class=\"elementor-widget-container\">\n\t\t\t\t\t\t\t\t\t\t\t\t\t\t\t<img fetchpriority=\"high\" decoding=\"async\" width=\"800\" height=\"801\" src=\"https:\/\/scanpiii.com\/wp-content\/uploads\/2024\/12\/Scanpiii-Worldline-marketplace.jpg\" class=\"attachment-large size-large wp-image-34126\" alt=\"\" srcset=\"https:\/\/scanpiii.com\/wp-content\/uploads\/2024\/12\/Scanpiii-Worldline-marketplace.jpg 916w, https:\/\/scanpiii.com\/wp-content\/uploads\/2024\/12\/Scanpiii-Worldline-marketplace-300x300.jpg 300w, https:\/\/scanpiii.com\/wp-content\/uploads\/2024\/12\/Scanpiii-Worldline-marketplace-150x150.jpg 150w, https:\/\/scanpiii.com\/wp-content\/uploads\/2024\/12\/Scanpiii-Worldline-marketplace-768x769.jpg 768w\" sizes=\"(max-width: 800px) 100vw, 800px\" \/>\t\t\t\t\t\t\t\t\t\t\t\t\t\t\t<\/div>\n\t\t\t\t<\/div>\n\t\t\t\t<\/div>\n\t\t\t\t\t<\/div>\n\t\t\t\t<\/div>\n\t\t\t\t<\/div>\n\t\t\t\t\t<\/div>\n\t\t\t\t<\/div>\n\t\t<div class=\"elementor-element elementor-element-2322774 e-flex e-con-boxed e-con e-parent\" data-id=\"2322774\" data-element_type=\"container\" data-settings=\"{&quot;background_background&quot;:&quot;gradient&quot;}\">\n\t\t\t\t\t<div class=\"e-con-inner\">\n\t\t<div class=\"elementor-element elementor-element-9963c8d e-con-full e-flex e-con e-child\" data-id=\"9963c8d\" data-element_type=\"container\">\n\t\t\t\t<div class=\"elementor-element elementor-element-95bf934 elementor-widget elementor-widget-heading\" data-id=\"95bf934\" data-element_type=\"widget\" data-widget_type=\"heading.default\">\n\t\t\t\t<div class=\"elementor-widget-container\">\n\t\t\t\t\t<h2 class=\"elementor-heading-title elementor-size-default\">Scanpiii Live Demo<\/h2>\t\t\t\t<\/div>\n\t\t\t\t<\/div>\n\t\t\t\t<div class=\"elementor-element elementor-element-2627f63 elementor-widget elementor-widget-video\" data-id=\"2627f63\" data-element_type=\"widget\" data-settings=\"{&quot;youtube_url&quot;:&quot;https:\\\/\\\/youtu.be\\\/bUN9qpH69ho&quot;,&quot;video_type&quot;:&quot;youtube&quot;,&quot;controls&quot;:&quot;yes&quot;}\" data-widget_type=\"video.default\">\n\t\t\t\t<div class=\"elementor-widget-container\">\n\t\t\t\t\t\t\t<div class=\"elementor-wrapper elementor-open-inline\">\n\t\t\t<div class=\"elementor-video\"><\/div>\t\t<\/div>\n\t\t\t\t\t\t<\/div>\n\t\t\t\t<\/div>\n\t\t\t\t<div class=\"elementor-element elementor-element-86cb41c elementor-widget elementor-widget-menu-anchor\" data-id=\"86cb41c\" data-element_type=\"widget\" data-widget_type=\"menu-anchor.default\">\n\t\t\t\t<div class=\"elementor-widget-container\">\n\t\t\t\t\t\t\t<div class=\"elementor-menu-anchor\" id=\"codeqr\"><\/div>\n\t\t\t\t\t\t<\/div>\n\t\t\t\t<\/div>\n\t\t\t\t<\/div>\n\t\t\t\t\t<\/div>\n\t\t\t\t<\/div>\n\t\t<div class=\"elementor-element elementor-element-ff79229 e-flex e-con-boxed e-con e-parent\" data-id=\"ff79229\" data-element_type=\"container\" data-settings=\"{&quot;background_background&quot;:&quot;gradient&quot;}\">\n\t\t\t\t\t<div class=\"e-con-inner\">\n\t\t\t\t<div class=\"elementor-element elementor-element-a719509 elementor-widget elementor-widget-heading\" data-id=\"a719509\" data-element_type=\"widget\" data-widget_type=\"heading.default\">\n\t\t\t\t<div class=\"elementor-widget-container\">\n\t\t\t\t\t<h2 class=\"elementor-heading-title elementor-size-default\">QR-Code Funktionalit\u00e4ten (aus Sicht der Benutzer)<\/h2>\t\t\t\t<\/div>\n\t\t\t\t<\/div>\n\t\t\t\t<div class=\"elementor-element elementor-element-610e822 elementor-widget elementor-widget-video\" data-id=\"610e822\" data-element_type=\"widget\" data-settings=\"{&quot;youtube_url&quot;:&quot;https:\\\/\\\/youtu.be\\\/M__9KFqnlYY&quot;,&quot;video_type&quot;:&quot;youtube&quot;,&quot;controls&quot;:&quot;yes&quot;}\" data-widget_type=\"video.default\">\n\t\t\t\t<div class=\"elementor-widget-container\">\n\t\t\t\t\t\t\t<div class=\"elementor-wrapper elementor-open-inline\">\n\t\t\t<div class=\"elementor-video\"><\/div>\t\t<\/div>\n\t\t\t\t\t\t<\/div>\n\t\t\t\t<\/div>\n\t\t\t\t<div class=\"elementor-element elementor-element-4f38f55 elementor-widget elementor-widget-menu-anchor\" data-id=\"4f38f55\" data-element_type=\"widget\" data-widget_type=\"menu-anchor.default\">\n\t\t\t\t<div class=\"elementor-widget-container\">\n\t\t\t\t\t\t\t<div class=\"elementor-menu-anchor\" id=\"geschenk\"><\/div>\n\t\t\t\t\t\t<\/div>\n\t\t\t\t<\/div>\n\t\t\t\t\t<\/div>\n\t\t\t\t<\/div>\n\t\t<div class=\"elementor-element elementor-element-721bd6c e-flex e-con-boxed e-con e-parent\" data-id=\"721bd6c\" data-element_type=\"container\" data-settings=\"{&quot;background_background&quot;:&quot;gradient&quot;}\">\n\t\t\t\t\t<div class=\"e-con-inner\">\n\t\t\t\t<div class=\"elementor-element elementor-element-776033f elementor-widget elementor-widget-heading\" data-id=\"776033f\" data-element_type=\"widget\" data-widget_type=\"heading.default\">\n\t\t\t\t<div class=\"elementor-widget-container\">\n\t\t\t\t\t<h2 class=\"elementor-heading-title elementor-size-default\">Personalisierte Geschenkgutscheine einfach zu versenden<\/h2>\t\t\t\t<\/div>\n\t\t\t\t<\/div>\n\t\t\t\t<div class=\"elementor-element elementor-element-b3e4154 elementor-widget elementor-widget-video\" data-id=\"b3e4154\" data-element_type=\"widget\" data-settings=\"{&quot;youtube_url&quot;:&quot;https:\\\/\\\/www.youtube.com\\\/watch?v=32QTKwkBIPg&quot;,&quot;video_type&quot;:&quot;youtube&quot;,&quot;controls&quot;:&quot;yes&quot;}\" data-widget_type=\"video.default\">\n\t\t\t\t<div class=\"elementor-widget-container\">\n\t\t\t\t\t\t\t<div class=\"elementor-wrapper elementor-open-inline\">\n\t\t\t<div class=\"elementor-video\"><\/div>\t\t<\/div>\n\t\t\t\t\t\t<\/div>\n\t\t\t\t<\/div>\n\t\t\t\t\t<\/div>\n\t\t\t\t<\/div>\n\t\t\t\t<\/div>\n\t\t","protected":false},"excerpt":{"rendered":"<p>Pr\u00e4sentation des Kassensystems Entdecken Sie unser Kassensystem im Video Entdecken Sie im Detail die Funktionsweise unserer Kassensysteme der n\u00e4chsten Generation, die speziell entwickelt wurden, um den Bed\u00fcrfnissen von Restaurants, Bars und modernen Gesch\u00e4ften gerecht zu werden. Jedes Video f\u00fchrt Sie durch die wichtigsten Funktionen unserer All-in-One-L\u00f6sung. Scanpiii Live Demo QR-Code Funktionalit\u00e4ten (aus Sicht der Benutzer) [&hellip;]<\/p>\n","protected":false},"author":1,"featured_media":34126,"parent":0,"menu_order":0,"comment_status":"closed","ping_status":"closed","template":"","meta":{"_acf_changed":false,"footnotes":""},"class_list":["post-33844","page","type-page","status-publish","has-post-thumbnail","hentry"],"acf":[],"yoast_head":"<!-- This site is optimized with the Yoast SEO plugin v26.8 - https:\/\/yoast.com\/product\/yoast-seo-wordpress\/ -->\n<title>Scanpiii - Videos<\/title>\n<meta name=\"robots\" content=\"index, follow, max-snippet:-1, max-image-preview:large, max-video-preview:-1\" \/>\n<link rel=\"canonical\" href=\"https:\/\/scanpiii.com\/de\/videos\/\" \/>\n<meta property=\"og:locale\" content=\"de_DE\" \/>\n<meta property=\"og:type\" content=\"article\" \/>\n<meta property=\"og:title\" content=\"Scanpiii - Videos\" \/>\n<meta property=\"og:description\" content=\"Pr\u00e4sentation des Kassensystems Entdecken Sie unser Kassensystem im Video Entdecken Sie im Detail die Funktionsweise unserer Kassensysteme der n\u00e4chsten Generation, die speziell entwickelt wurden, um den Bed\u00fcrfnissen von Restaurants, Bars und modernen Gesch\u00e4ften gerecht zu werden. Jedes Video f\u00fchrt Sie durch die wichtigsten Funktionen unserer All-in-One-L\u00f6sung. Scanpiii Live Demo QR-Code Funktionalit\u00e4ten (aus Sicht der Benutzer) [&hellip;]\" \/>\n<meta property=\"og:url\" content=\"https:\/\/scanpiii.com\/de\/videos\/\" \/>\n<meta property=\"og:site_name\" content=\"Scanpiii\" \/>\n<meta property=\"article:modified_time\" content=\"2025-03-07T13:14:58+00:00\" \/>\n<meta property=\"og:image\" content=\"https:\/\/scanpiii.com\/wp-content\/uploads\/2024\/12\/Scanpiii-Worldline-marketplace.jpg\" \/>\n\t<meta property=\"og:image:width\" content=\"916\" \/>\n\t<meta property=\"og:image:height\" content=\"917\" \/>\n\t<meta property=\"og:image:type\" content=\"image\/jpeg\" \/>\n<meta name=\"twitter:card\" content=\"summary_large_image\" \/>\n<script type=\"application\/ld+json\" class=\"yoast-schema-graph\">{\"@context\":\"https:\/\/schema.org\",\"@graph\":[{\"@type\":\"WebPage\",\"@id\":\"https:\/\/scanpiii.com\/de\/videos\/\",\"url\":\"https:\/\/scanpiii.com\/de\/videos\/\",\"name\":\"Scanpiii - Videos\",\"isPartOf\":{\"@id\":\"https:\/\/scanpiii.com\/de\/#website\"},\"primaryImageOfPage\":{\"@id\":\"https:\/\/scanpiii.com\/de\/videos\/#primaryimage\"},\"image\":{\"@id\":\"https:\/\/scanpiii.com\/de\/videos\/#primaryimage\"},\"thumbnailUrl\":\"https:\/\/scanpiii.com\/wp-content\/uploads\/2024\/12\/Scanpiii-Worldline-marketplace.jpg\",\"datePublished\":\"2024-10-22T19:45:21+00:00\",\"dateModified\":\"2025-03-07T13:14:58+00:00\",\"breadcrumb\":{\"@id\":\"https:\/\/scanpiii.com\/de\/videos\/#breadcrumb\"},\"inLanguage\":\"de\",\"potentialAction\":[{\"@type\":\"ReadAction\",\"target\":[\"https:\/\/scanpiii.com\/de\/videos\/\"]}]},{\"@type\":\"ImageObject\",\"inLanguage\":\"de\",\"@id\":\"https:\/\/scanpiii.com\/de\/videos\/#primaryimage\",\"url\":\"https:\/\/scanpiii.com\/wp-content\/uploads\/2024\/12\/Scanpiii-Worldline-marketplace.jpg\",\"contentUrl\":\"https:\/\/scanpiii.com\/wp-content\/uploads\/2024\/12\/Scanpiii-Worldline-marketplace.jpg\",\"width\":916,\"height\":917},{\"@type\":\"BreadcrumbList\",\"@id\":\"https:\/\/scanpiii.com\/de\/videos\/#breadcrumb\",\"itemListElement\":[{\"@type\":\"ListItem\",\"position\":1,\"name\":\"Accueil\",\"item\":\"https:\/\/scanpiii.com\/de\/\"},{\"@type\":\"ListItem\",\"position\":2,\"name\":\"Videos\"}]},{\"@type\":\"WebSite\",\"@id\":\"https:\/\/scanpiii.com\/de\/#website\",\"url\":\"https:\/\/scanpiii.com\/de\/\",\"name\":\"Scanpiii\",\"description\":\"Un syst\u00e8me\\u2028 de caisse performant et innovant\\u2028 d\u00e9velopp\u00e9 en Suisse\",\"publisher\":{\"@id\":\"https:\/\/scanpiii.com\/de\/#organization\"},\"potentialAction\":[{\"@type\":\"SearchAction\",\"target\":{\"@type\":\"EntryPoint\",\"urlTemplate\":\"https:\/\/scanpiii.com\/de\/?s={search_term_string}\"},\"query-input\":{\"@type\":\"PropertyValueSpecification\",\"valueRequired\":true,\"valueName\":\"search_term_string\"}}],\"inLanguage\":\"de\"},{\"@type\":\"Organization\",\"@id\":\"https:\/\/scanpiii.com\/de\/#organization\",\"name\":\"Scanpiii\",\"url\":\"https:\/\/scanpiii.com\/de\/\",\"logo\":{\"@type\":\"ImageObject\",\"inLanguage\":\"de\",\"@id\":\"https:\/\/scanpiii.com\/de\/#\/schema\/logo\/image\/\",\"url\":\"https:\/\/scanpiii.com\/wp-content\/uploads\/2024\/07\/Calque_1logo.svg\",\"contentUrl\":\"https:\/\/scanpiii.com\/wp-content\/uploads\/2024\/07\/Calque_1logo.svg\",\"width\":311,\"height\":410,\"caption\":\"Scanpiii\"},\"image\":{\"@id\":\"https:\/\/scanpiii.com\/de\/#\/schema\/logo\/image\/\"}}]}<\/script>\n<!-- \/ Yoast SEO plugin. -->","yoast_head_json":{"title":"Scanpiii - Videos","robots":{"index":"index","follow":"follow","max-snippet":"max-snippet:-1","max-image-preview":"max-image-preview:large","max-video-preview":"max-video-preview:-1"},"canonical":"https:\/\/scanpiii.com\/de\/videos\/","og_locale":"de_DE","og_type":"article","og_title":"Scanpiii - Videos","og_description":"Pr\u00e4sentation des Kassensystems Entdecken Sie unser Kassensystem im Video Entdecken Sie im Detail die Funktionsweise unserer Kassensysteme der n\u00e4chsten Generation, die speziell entwickelt wurden, um den Bed\u00fcrfnissen von Restaurants, Bars und modernen Gesch\u00e4ften gerecht zu werden. Jedes Video f\u00fchrt Sie durch die wichtigsten Funktionen unserer All-in-One-L\u00f6sung. Scanpiii Live Demo QR-Code Funktionalit\u00e4ten (aus Sicht der Benutzer) [&hellip;]","og_url":"https:\/\/scanpiii.com\/de\/videos\/","og_site_name":"Scanpiii","article_modified_time":"2025-03-07T13:14:58+00:00","og_image":[{"width":916,"height":917,"url":"https:\/\/scanpiii.com\/wp-content\/uploads\/2024\/12\/Scanpiii-Worldline-marketplace.jpg","type":"image\/jpeg"}],"twitter_card":"summary_large_image","schema":{"@context":"https:\/\/schema.org","@graph":[{"@type":"WebPage","@id":"https:\/\/scanpiii.com\/de\/videos\/","url":"https:\/\/scanpiii.com\/de\/videos\/","name":"Scanpiii - Videos","isPartOf":{"@id":"https:\/\/scanpiii.com\/de\/#website"},"primaryImageOfPage":{"@id":"https:\/\/scanpiii.com\/de\/videos\/#primaryimage"},"image":{"@id":"https:\/\/scanpiii.com\/de\/videos\/#primaryimage"},"thumbnailUrl":"https:\/\/scanpiii.com\/wp-content\/uploads\/2024\/12\/Scanpiii-Worldline-marketplace.jpg","datePublished":"2024-10-22T19:45:21+00:00","dateModified":"2025-03-07T13:14:58+00:00","breadcrumb":{"@id":"https:\/\/scanpiii.com\/de\/videos\/#breadcrumb"},"inLanguage":"de","potentialAction":[{"@type":"ReadAction","target":["https:\/\/scanpiii.com\/de\/videos\/"]}]},{"@type":"ImageObject","inLanguage":"de","@id":"https:\/\/scanpiii.com\/de\/videos\/#primaryimage","url":"https:\/\/scanpiii.com\/wp-content\/uploads\/2024\/12\/Scanpiii-Worldline-marketplace.jpg","contentUrl":"https:\/\/scanpiii.com\/wp-content\/uploads\/2024\/12\/Scanpiii-Worldline-marketplace.jpg","width":916,"height":917},{"@type":"BreadcrumbList","@id":"https:\/\/scanpiii.com\/de\/videos\/#breadcrumb","itemListElement":[{"@type":"ListItem","position":1,"name":"Accueil","item":"https:\/\/scanpiii.com\/de\/"},{"@type":"ListItem","position":2,"name":"Videos"}]},{"@type":"WebSite","@id":"https:\/\/scanpiii.com\/de\/#website","url":"https:\/\/scanpiii.com\/de\/","name":"Scanpiii","description":"Un syst\u00e8me\u2028 de caisse performant et innovant\u2028 d\u00e9velopp\u00e9 en Suisse","publisher":{"@id":"https:\/\/scanpiii.com\/de\/#organization"},"potentialAction":[{"@type":"SearchAction","target":{"@type":"EntryPoint","urlTemplate":"https:\/\/scanpiii.com\/de\/?s={search_term_string}"},"query-input":{"@type":"PropertyValueSpecification","valueRequired":true,"valueName":"search_term_string"}}],"inLanguage":"de"},{"@type":"Organization","@id":"https:\/\/scanpiii.com\/de\/#organization","name":"Scanpiii","url":"https:\/\/scanpiii.com\/de\/","logo":{"@type":"ImageObject","inLanguage":"de","@id":"https:\/\/scanpiii.com\/de\/#\/schema\/logo\/image\/","url":"https:\/\/scanpiii.com\/wp-content\/uploads\/2024\/07\/Calque_1logo.svg","contentUrl":"https:\/\/scanpiii.com\/wp-content\/uploads\/2024\/07\/Calque_1logo.svg","width":311,"height":410,"caption":"Scanpiii"},"image":{"@id":"https:\/\/scanpiii.com\/de\/#\/schema\/logo\/image\/"}}]}},"_links":{"self":[{"href":"https:\/\/scanpiii.com\/de\/wp-json\/wp\/v2\/pages\/33844","targetHints":{"allow":["GET"]}}],"collection":[{"href":"https:\/\/scanpiii.com\/de\/wp-json\/wp\/v2\/pages"}],"about":[{"href":"https:\/\/scanpiii.com\/de\/wp-json\/wp\/v2\/types\/page"}],"author":[{"embeddable":true,"href":"https:\/\/scanpiii.com\/de\/wp-json\/wp\/v2\/users\/1"}],"replies":[{"embeddable":true,"href":"https:\/\/scanpiii.com\/de\/wp-json\/wp\/v2\/comments?post=33844"}],"version-history":[{"count":13,"href":"https:\/\/scanpiii.com\/de\/wp-json\/wp\/v2\/pages\/33844\/revisions"}],"predecessor-version":[{"id":34852,"href":"https:\/\/scanpiii.com\/de\/wp-json\/wp\/v2\/pages\/33844\/revisions\/34852"}],"wp:featuredmedia":[{"embeddable":true,"href":"https:\/\/scanpiii.com\/de\/wp-json\/wp\/v2\/media\/34126"}],"wp:attachment":[{"href":"https:\/\/scanpiii.com\/de\/wp-json\/wp\/v2\/media?parent=33844"}],"curies":[{"name":"wp","href":"https:\/\/api.w.org\/{rel}","templated":true}]}}