{"id":34549,"date":"2025-02-04T12:40:53","date_gmt":"2025-02-04T11:40:53","guid":{"rendered":"https:\/\/scanpiii.com\/impressum\/"},"modified":"2025-02-04T15:28:50","modified_gmt":"2025-02-04T14:28:50","slug":"impressum","status":"publish","type":"page","link":"https:\/\/scanpiii.com\/de\/impressum\/","title":{"rendered":"Impressum"},"content":{"rendered":"\t\t<div data-elementor-type=\"wp-page\" data-elementor-id=\"34549\" class=\"elementor elementor-34549 elementor-34535\" data-elementor-post-type=\"page\">\n\t\t\t\t<div class=\"elementor-element elementor-element-3d2f49ac e-flex e-con-boxed e-con e-parent\" data-id=\"3d2f49ac\" data-element_type=\"container\">\n\t\t\t\t\t<div class=\"e-con-inner\">\n\t\t\t\t<div class=\"elementor-element elementor-element-297d7d2 elementor-widget elementor-widget-heading\" data-id=\"297d7d2\" data-element_type=\"widget\" data-widget_type=\"heading.default\">\n\t\t\t\t<div class=\"elementor-widget-container\">\n\t\t\t\t\t<h1 class=\"elementor-heading-title elementor-size-default\">Impressum<\/h1>\t\t\t\t<\/div>\n\t\t\t\t<\/div>\n\t\t\t\t<div class=\"elementor-element elementor-element-99bf35a elementor-widget elementor-widget-text-editor\" data-id=\"99bf35a\" data-element_type=\"widget\" data-widget_type=\"text-editor.default\">\n\t\t\t\t<div class=\"elementor-widget-container\">\n\t\t\t\t\t\t\t\t\t<p><strong>Scanpiii SA<\/strong><br \/>\nRue de Jargonnant 2<br \/>\n1207 Genf, Schweiz<\/p>\n<p><strong>UID-Nummer<\/strong>: CHE-375.717.572<br \/>\n<strong>Handelsregister<\/strong>: Eingetragen im Handelsregister des Kantons Genf am 30. Januar 2025<\/p>\n<p><strong>Gesetzlicher Vertreter<\/strong>:<br \/>\nNicolas Candaux, Administrator, Einzelunterschrift<\/p>\n<p><strong>Kontakt<\/strong>:<br \/>\nT\u00e9l: 079 311 71 21<br \/>\nEmail:\u00a0info@scanpiii.ch<br \/>\nSite web: <a href=\"https:\/\/scanpiii.com\/de\/\">https:\/\/scanpiii.com<\/a> et <a href=\"https:\/\/scanpiii.ch\">https:\/\/scanpiii.ch<\/a><\/p>\n<p><strong>Unternehmenszweck<\/strong>:<br \/>\nScanpiii SA ist t\u00e4tig in der Bereitstellung von Dienstleistungen im Bereich der Informationstechnologie sowie in der Entwicklung von Software- und IT-L\u00f6sungen, insbesondere im Bereich des Online-Zahlungsverkehrs, sowie im Verkauf aller damit verbundenen Produkte.<\/p>\n<p><strong>Haftungsausschluss<\/strong>:<br \/>\nTrotz sorgf\u00e4ltiger Kontrolle \u00fcbernehmen wir keine Haftung f\u00fcr die Inhalte externer Links. F\u00fcr den Inhalt der verlinkten Seiten sind ausschlie\u00dflich deren Betreiber verantwortlich.<\/p>\n<p><strong>Urheberrecht und Marke<\/strong>:<br \/>\nAlle Inhalte, Bilder und Texte auf dieser Website sind urheberrechtlich gesch\u00fctzt. Scanpiii ist eine eingetragene Marke. Jede unbefugte Nutzung des Namens, Logos oder anderer mit Scanpiii verbundener Elemente ist strengstens untersagt<\/p>\n\t\t\t\t\t\t\t\t<\/div>\n\t\t\t\t<\/div>\n\t\t\t\t\t<\/div>\n\t\t\t\t<\/div>\n\t\t\t\t<\/div>\n\t\t","protected":false},"excerpt":{"rendered":"<p>Scanpiii SA Rue de Jargonnant 2 1207 Genf, Schweiz UID-Nummer: CHE-375.717.572 Handelsregister: Eingetragen im Handelsregister des Kantons Genf am 30. Januar 2025 Gesetzlicher Vertreter: Nicolas Candaux, Administrator, Einzelunterschrift Kontakt: T\u00e9l: 079 311 71 21 Email:\u00a0info@scanpiii.ch Site web: https:\/\/scanpiii.com et https:\/\/scanpiii.ch Unternehmenszweck: Scanpiii SA ist t\u00e4tig in der Bereitstellung von Dienstleistungen im Bereich der Informationstechnologie sowie [&hellip;]<\/p>\n","protected":false},"author":1,"featured_media":0,"parent":0,"menu_order":0,"comment_status":"closed","ping_status":"closed","template":"","meta":{"_acf_changed":false,"footnotes":""},"class_list":["post-34549","page","type-page","status-publish","hentry"],"acf":[],"yoast_head":"<!-- This site is optimized with the Yoast SEO plugin v26.8 - https:\/\/yoast.com\/product\/yoast-seo-wordpress\/ -->\n<title>Scanpiii - Impressum<\/title>\n<meta name=\"robots\" content=\"index, follow, max-snippet:-1, max-image-preview:large, max-video-preview:-1\" \/>\n<link rel=\"canonical\" href=\"https:\/\/scanpiii.com\/de\/impressum\/\" \/>\n<meta property=\"og:locale\" content=\"de_DE\" \/>\n<meta property=\"og:type\" content=\"article\" \/>\n<meta property=\"og:title\" content=\"Scanpiii - Impressum\" \/>\n<meta property=\"og:description\" content=\"Scanpiii SA Rue de Jargonnant 2 1207 Genf, Schweiz UID-Nummer: CHE-375.717.572 Handelsregister: Eingetragen im Handelsregister des Kantons Genf am 30. Januar 2025 Gesetzlicher Vertreter: Nicolas Candaux, Administrator, Einzelunterschrift Kontakt: T\u00e9l: 079 311 71 21 Email:\u00a0info@scanpiii.ch Site web: https:\/\/scanpiii.com et https:\/\/scanpiii.ch Unternehmenszweck: Scanpiii SA ist t\u00e4tig in der Bereitstellung von Dienstleistungen im Bereich der Informationstechnologie sowie [&hellip;]\" \/>\n<meta property=\"og:url\" content=\"https:\/\/scanpiii.com\/de\/impressum\/\" \/>\n<meta property=\"og:site_name\" content=\"Scanpiii\" \/>\n<meta property=\"article:modified_time\" content=\"2025-02-04T14:28:50+00:00\" \/>\n<meta property=\"og:image\" content=\"https:\/\/scanpiii.com\/wp-content\/uploads\/2024\/06\/cropped-cropped-logo.png\" \/>\n\t<meta property=\"og:image:width\" content=\"512\" \/>\n\t<meta property=\"og:image:height\" content=\"512\" \/>\n\t<meta property=\"og:image:type\" content=\"image\/png\" \/>\n<meta name=\"twitter:card\" content=\"summary_large_image\" \/>\n<meta name=\"twitter:label1\" content=\"Gesch\u00e4tzte Lesezeit\" \/>\n\t<meta name=\"twitter:data1\" content=\"1\u00a0Minute\" \/>\n<script type=\"application\/ld+json\" class=\"yoast-schema-graph\">{\"@context\":\"https:\/\/schema.org\",\"@graph\":[{\"@type\":\"WebPage\",\"@id\":\"https:\/\/scanpiii.com\/de\/impressum\/\",\"url\":\"https:\/\/scanpiii.com\/de\/impressum\/\",\"name\":\"Scanpiii - Impressum\",\"isPartOf\":{\"@id\":\"https:\/\/scanpiii.com\/de\/#website\"},\"datePublished\":\"2025-02-04T11:40:53+00:00\",\"dateModified\":\"2025-02-04T14:28:50+00:00\",\"breadcrumb\":{\"@id\":\"https:\/\/scanpiii.com\/de\/impressum\/#breadcrumb\"},\"inLanguage\":\"de\",\"potentialAction\":[{\"@type\":\"ReadAction\",\"target\":[\"https:\/\/scanpiii.com\/de\/impressum\/\"]}]},{\"@type\":\"BreadcrumbList\",\"@id\":\"https:\/\/scanpiii.com\/de\/impressum\/#breadcrumb\",\"itemListElement\":[{\"@type\":\"ListItem\",\"position\":1,\"name\":\"Accueil\",\"item\":\"https:\/\/scanpiii.com\/de\/\"},{\"@type\":\"ListItem\",\"position\":2,\"name\":\"Impressum\"}]},{\"@type\":\"WebSite\",\"@id\":\"https:\/\/scanpiii.com\/de\/#website\",\"url\":\"https:\/\/scanpiii.com\/de\/\",\"name\":\"Scanpiii\",\"description\":\"Un syst\u00e8me\\u2028 de caisse performant et innovant\\u2028 d\u00e9velopp\u00e9 en Suisse\",\"publisher\":{\"@id\":\"https:\/\/scanpiii.com\/de\/#organization\"},\"potentialAction\":[{\"@type\":\"SearchAction\",\"target\":{\"@type\":\"EntryPoint\",\"urlTemplate\":\"https:\/\/scanpiii.com\/de\/?s={search_term_string}\"},\"query-input\":{\"@type\":\"PropertyValueSpecification\",\"valueRequired\":true,\"valueName\":\"search_term_string\"}}],\"inLanguage\":\"de\"},{\"@type\":\"Organization\",\"@id\":\"https:\/\/scanpiii.com\/de\/#organization\",\"name\":\"Scanpiii\",\"url\":\"https:\/\/scanpiii.com\/de\/\",\"logo\":{\"@type\":\"ImageObject\",\"inLanguage\":\"de\",\"@id\":\"https:\/\/scanpiii.com\/de\/#\/schema\/logo\/image\/\",\"url\":\"https:\/\/scanpiii.com\/wp-content\/uploads\/2024\/07\/Calque_1logo.svg\",\"contentUrl\":\"https:\/\/scanpiii.com\/wp-content\/uploads\/2024\/07\/Calque_1logo.svg\",\"width\":311,\"height\":410,\"caption\":\"Scanpiii\"},\"image\":{\"@id\":\"https:\/\/scanpiii.com\/de\/#\/schema\/logo\/image\/\"}}]}<\/script>\n<!-- \/ Yoast SEO plugin. -->","yoast_head_json":{"title":"Scanpiii - Impressum","robots":{"index":"index","follow":"follow","max-snippet":"max-snippet:-1","max-image-preview":"max-image-preview:large","max-video-preview":"max-video-preview:-1"},"canonical":"https:\/\/scanpiii.com\/de\/impressum\/","og_locale":"de_DE","og_type":"article","og_title":"Scanpiii - Impressum","og_description":"Scanpiii SA Rue de Jargonnant 2 1207 Genf, Schweiz UID-Nummer: CHE-375.717.572 Handelsregister: Eingetragen im Handelsregister des Kantons Genf am 30. Januar 2025 Gesetzlicher Vertreter: Nicolas Candaux, Administrator, Einzelunterschrift Kontakt: T\u00e9l: 079 311 71 21 Email:\u00a0info@scanpiii.ch Site web: https:\/\/scanpiii.com et https:\/\/scanpiii.ch Unternehmenszweck: Scanpiii SA ist t\u00e4tig in der Bereitstellung von Dienstleistungen im Bereich der Informationstechnologie sowie [&hellip;]","og_url":"https:\/\/scanpiii.com\/de\/impressum\/","og_site_name":"Scanpiii","article_modified_time":"2025-02-04T14:28:50+00:00","og_image":[{"width":512,"height":512,"url":"https:\/\/scanpiii.com\/wp-content\/uploads\/2024\/06\/cropped-cropped-logo.png","type":"image\/png"}],"twitter_card":"summary_large_image","twitter_misc":{"Gesch\u00e4tzte Lesezeit":"1\u00a0Minute"},"schema":{"@context":"https:\/\/schema.org","@graph":[{"@type":"WebPage","@id":"https:\/\/scanpiii.com\/de\/impressum\/","url":"https:\/\/scanpiii.com\/de\/impressum\/","name":"Scanpiii - Impressum","isPartOf":{"@id":"https:\/\/scanpiii.com\/de\/#website"},"datePublished":"2025-02-04T11:40:53+00:00","dateModified":"2025-02-04T14:28:50+00:00","breadcrumb":{"@id":"https:\/\/scanpiii.com\/de\/impressum\/#breadcrumb"},"inLanguage":"de","potentialAction":[{"@type":"ReadAction","target":["https:\/\/scanpiii.com\/de\/impressum\/"]}]},{"@type":"BreadcrumbList","@id":"https:\/\/scanpiii.com\/de\/impressum\/#breadcrumb","itemListElement":[{"@type":"ListItem","position":1,"name":"Accueil","item":"https:\/\/scanpiii.com\/de\/"},{"@type":"ListItem","position":2,"name":"Impressum"}]},{"@type":"WebSite","@id":"https:\/\/scanpiii.com\/de\/#website","url":"https:\/\/scanpiii.com\/de\/","name":"Scanpiii","description":"Un syst\u00e8me\u2028 de caisse performant et innovant\u2028 d\u00e9velopp\u00e9 en Suisse","publisher":{"@id":"https:\/\/scanpiii.com\/de\/#organization"},"potentialAction":[{"@type":"SearchAction","target":{"@type":"EntryPoint","urlTemplate":"https:\/\/scanpiii.com\/de\/?s={search_term_string}"},"query-input":{"@type":"PropertyValueSpecification","valueRequired":true,"valueName":"search_term_string"}}],"inLanguage":"de"},{"@type":"Organization","@id":"https:\/\/scanpiii.com\/de\/#organization","name":"Scanpiii","url":"https:\/\/scanpiii.com\/de\/","logo":{"@type":"ImageObject","inLanguage":"de","@id":"https:\/\/scanpiii.com\/de\/#\/schema\/logo\/image\/","url":"https:\/\/scanpiii.com\/wp-content\/uploads\/2024\/07\/Calque_1logo.svg","contentUrl":"https:\/\/scanpiii.com\/wp-content\/uploads\/2024\/07\/Calque_1logo.svg","width":311,"height":410,"caption":"Scanpiii"},"image":{"@id":"https:\/\/scanpiii.com\/de\/#\/schema\/logo\/image\/"}}]}},"_links":{"self":[{"href":"https:\/\/scanpiii.com\/de\/wp-json\/wp\/v2\/pages\/34549","targetHints":{"allow":["GET"]}}],"collection":[{"href":"https:\/\/scanpiii.com\/de\/wp-json\/wp\/v2\/pages"}],"about":[{"href":"https:\/\/scanpiii.com\/de\/wp-json\/wp\/v2\/types\/page"}],"author":[{"embeddable":true,"href":"https:\/\/scanpiii.com\/de\/wp-json\/wp\/v2\/users\/1"}],"replies":[{"embeddable":true,"href":"https:\/\/scanpiii.com\/de\/wp-json\/wp\/v2\/comments?post=34549"}],"version-history":[{"count":1,"href":"https:\/\/scanpiii.com\/de\/wp-json\/wp\/v2\/pages\/34549\/revisions"}],"predecessor-version":[{"id":34550,"href":"https:\/\/scanpiii.com\/de\/wp-json\/wp\/v2\/pages\/34549\/revisions\/34550"}],"wp:attachment":[{"href":"https:\/\/scanpiii.com\/de\/wp-json\/wp\/v2\/media?parent=34549"}],"curies":[{"name":"wp","href":"https:\/\/api.w.org\/{rel}","templated":true}]}}