{"id":34321,"date":"2024-07-10T10:23:03","date_gmt":"2024-07-10T08:23:03","guid":{"rendered":"https:\/\/scanpiii.com\/contattaci\/"},"modified":"2025-02-06T10:02:52","modified_gmt":"2025-02-06T09:02:52","slug":"contattaci","status":"publish","type":"page","link":"https:\/\/scanpiii.com\/it\/contattaci\/","title":{"rendered":"Contattaci"},"content":{"rendered":"\t\t<div data-elementor-type=\"wp-page\" data-elementor-id=\"34321\" class=\"elementor elementor-34321 elementor-30995\" data-elementor-post-type=\"page\">\n\t\t\t\t<div class=\"elementor-element elementor-element-a950440 wrap-header e-flex e-con-boxed e-con e-parent\" data-id=\"a950440\" data-element_type=\"container\" data-settings=\"{&quot;background_background&quot;:&quot;classic&quot;}\">\n\t\t\t\t\t<div class=\"e-con-inner\">\n\t\t<div class=\"elementor-element elementor-element-b699e1d e-con-full e-flex e-con e-child\" data-id=\"b699e1d\" data-element_type=\"container\">\n\t\t<div class=\"elementor-element elementor-element-f3741f3 e-con-full e-flex e-con e-child\" data-id=\"f3741f3\" data-element_type=\"container\">\n\t\t<div class=\"elementor-element elementor-element-f790e97 e-con-full e-flex e-con e-child\" data-id=\"f790e97\" data-element_type=\"container\">\n\t\t\t\t<div class=\"elementor-element elementor-element-8156c5a elementor-widget elementor-widget-heading\" data-id=\"8156c5a\" data-element_type=\"widget\" data-widget_type=\"heading.default\">\n\t\t\t\t<div class=\"elementor-widget-container\">\n\t\t\t\t\t<h2 class=\"elementor-heading-title elementor-size-default\">Contattaci<\/h2>\t\t\t\t<\/div>\n\t\t\t\t<\/div>\n\t\t\t\t<div class=\"elementor-element elementor-element-9cfff77 elementor-hidden-desktop elementor-hidden-tablet elementor-hidden-mobile elementor-widget elementor-widget-heading\" data-id=\"9cfff77\" data-element_type=\"widget\" data-widget_type=\"heading.default\">\n\t\t\t\t<div class=\"elementor-widget-container\">\n\t\t\t\t\t<h2 class=\"elementor-heading-title elementor-size-default\">Da luned\u00ec a venerd\u00ec dalle 8.00 alle 17.00 &amp; Sabato 8.30-16.30<\/h2>\t\t\t\t<\/div>\n\t\t\t\t<\/div>\n\t\t\t\t<\/div>\n\t\t<div class=\"elementor-element elementor-element-a33c6e5 e-con-full e-flex e-con e-child\" data-id=\"a33c6e5\" data-element_type=\"container\">\n\t\t<div class=\"elementor-element elementor-element-3af2df3 e-con-full e-flex e-con e-child\" data-id=\"3af2df3\" data-element_type=\"container\">\n\t\t<div class=\"elementor-element elementor-element-3f88a31 e-con-full e-flex e-con e-child\" data-id=\"3f88a31\" data-element_type=\"container\" data-settings=\"{&quot;background_background&quot;:&quot;classic&quot;}\">\n\t\t\t\t<div class=\"elementor-element elementor-element-0267d96 elementor-widget elementor-widget-heading\" data-id=\"0267d96\" data-element_type=\"widget\" data-widget_type=\"heading.default\">\n\t\t\t\t<div class=\"elementor-widget-container\">\n\t\t\t\t\t<h2 class=\"elementor-heading-title elementor-size-default\">\u00c8 facile contattare il team di Scanpiii <\/h2>\t\t\t\t<\/div>\n\t\t\t\t<\/div>\n\t\t\t\t<div class=\"elementor-element elementor-element-43cfad0 elementor-button-align-stretch elementor-widget elementor-widget-form\" data-id=\"43cfad0\" data-element_type=\"widget\" data-settings=\"{&quot;step_next_label&quot;:&quot;Avanti&quot;,&quot;step_previous_label&quot;:&quot;Precedente&quot;,&quot;button_width&quot;:&quot;100&quot;,&quot;step_type&quot;:&quot;number_text&quot;,&quot;step_icon_shape&quot;:&quot;circle&quot;}\" data-widget_type=\"form.default\">\n\t\t\t\t<div class=\"elementor-widget-container\">\n\t\t\t\t\t\t\t<form class=\"elementor-form\" method=\"post\" name=\"Nuovo modulo\">\n\t\t\t<input type=\"hidden\" name=\"post_id\" value=\"34321\"\/>\n\t\t\t<input type=\"hidden\" name=\"form_id\" value=\"43cfad0\"\/>\n\t\t\t<input type=\"hidden\" name=\"referer_title\" value=\"Scanpiii - Contattaci\" \/>\n\n\t\t\t\t\t\t\t<input type=\"hidden\" name=\"queried_id\" value=\"34321\"\/>\n\t\t\t\n\t\t\t<div class=\"elementor-form-fields-wrapper elementor-labels-above\">\n\t\t\t\t\t\t\t\t<div class=\"elementor-field-type-text elementor-field-group elementor-column elementor-field-group-name elementor-col-100\">\n\t\t\t\t\t\t\t\t\t\t\t\t<label for=\"form-field-name\" class=\"elementor-field-label\">\n\t\t\t\t\t\t\t\tNome\t\t\t\t\t\t\t<\/label>\n\t\t\t\t\t\t\t\t\t\t\t\t\t\t<input size=\"1\" type=\"text\" name=\"form_fields[name]\" id=\"form-field-name\" class=\"elementor-field elementor-size-sm  elementor-field-textual\">\n\t\t\t\t\t\t\t\t\t\t\t<\/div>\n\t\t\t\t\t\t\t\t<div class=\"elementor-field-type-email elementor-field-group elementor-column elementor-field-group-email elementor-col-100 elementor-field-required\">\n\t\t\t\t\t\t\t\t\t\t\t\t<label for=\"form-field-email\" class=\"elementor-field-label\">\n\t\t\t\t\t\t\t\tE-mail\t\t\t\t\t\t\t<\/label>\n\t\t\t\t\t\t\t\t\t\t\t\t\t\t<input size=\"1\" type=\"email\" name=\"form_fields[email]\" id=\"form-field-email\" class=\"elementor-field elementor-size-sm  elementor-field-textual\" required=\"required\">\n\t\t\t\t\t\t\t\t\t\t\t<\/div>\n\t\t\t\t\t\t\t\t<div class=\"elementor-field-type-textarea elementor-field-group elementor-column elementor-field-group-message elementor-col-100\">\n\t\t\t\t\t\t\t\t\t\t\t\t<label for=\"form-field-message\" class=\"elementor-field-label\">\n\t\t\t\t\t\t\t\tMessaggio\t\t\t\t\t\t\t<\/label>\n\t\t\t\t\t\t<textarea class=\"elementor-field-textual elementor-field  elementor-size-sm\" name=\"form_fields[message]\" id=\"form-field-message\" rows=\"4\"><\/textarea>\t\t\t\t<\/div>\n\t\t\t\t\t\t\t\t<div class=\"elementor-field-type-recaptcha_v3 elementor-field-group elementor-column elementor-field-group-field_3b65f76 elementor-col-100 recaptcha_v3-bottomright\">\n\t\t\t\t\t<div class=\"elementor-field\" id=\"form-field-field_3b65f76\"><div class=\"elementor-g-recaptcha\" data-sitekey=\"6LdI2GoqAAAAALRY6sydsPSn7lg_ktTYTAho5_rw\" data-type=\"v3\" data-action=\"Form\" data-badge=\"bottomright\" data-size=\"invisible\"><\/div><\/div>\t\t\t\t<\/div>\n\t\t\t\t\t\t\t\t<div class=\"elementor-field-group elementor-column elementor-field-type-submit elementor-col-100 e-form__buttons\">\n\t\t\t\t\t<button class=\"elementor-button elementor-size-sm\" type=\"submit\">\n\t\t\t\t\t\t<span class=\"elementor-button-content-wrapper\">\n\t\t\t\t\t\t\t\t\t\t\t\t\t\t\t\t\t\t\t\t\t\t<span class=\"elementor-button-text\">Inizia ora!<\/span>\n\t\t\t\t\t\t\t\t\t\t\t\t\t<\/span>\n\t\t\t\t\t<\/button>\n\t\t\t\t<\/div>\n\t\t\t<\/div>\n\t\t<\/form>\n\t\t\t\t\t\t<\/div>\n\t\t\t\t<\/div>\n\t\t\t\t<\/div>\n\t\t<div class=\"elementor-element elementor-element-b3c2aa5 e-con-full e-flex e-con e-child\" data-id=\"b3c2aa5\" data-element_type=\"container\">\n\t\t<div class=\"elementor-element elementor-element-6dda6a7 e-con-full e-flex e-con e-child\" data-id=\"6dda6a7\" data-element_type=\"container\">\n\t\t\t\t<div class=\"elementor-element elementor-element-e4866ef elementor-view-default elementor-widget elementor-widget-icon\" data-id=\"e4866ef\" data-element_type=\"widget\" data-widget_type=\"icon.default\">\n\t\t\t\t<div class=\"elementor-widget-container\">\n\t\t\t\t\t\t\t<div class=\"elementor-icon-wrapper\">\n\t\t\t<div class=\"elementor-icon\">\n\t\t\t<svg xmlns=\"http:\/\/www.w3.org\/2000\/svg\" width=\"311\" height=\"410\" viewBox=\"0 0 311 410\" fill=\"none\"><g clip-path=\"url(#clip0_46_9)\"><path d=\"M306.171 234.981C286.239 161.16 210.608 117.547 137.336 137.685L173.495 271.41L306.227 234.981H306.171Z\" fill=\"#FE1700\"><\/path><path d=\"M209.542 405.135C282.814 385.054 326.104 308.858 306.115 235.037L173.383 271.467L209.542 405.192V405.135Z\" fill=\"#FE1700\"><\/path><path d=\"M40.7065 307.783C60.6388 381.603 136.269 425.217 209.542 405.079L173.383 271.354L40.6504 307.783H40.7065Z\" fill=\"#FE1700\"><\/path><path d=\"M101.234 4.86485C28.4104 24.8331 -14.823 100.633 4.66013 174.058H4.54784C24.4801 247.935 100.111 291.492 173.383 271.41L137.224 137.685L13.3068 171.682C-4.94106 103.066 35.485 32.2434 103.592 13.5197C171.867 -5.20413 242.556 35.5243 261.197 104.31L269.788 101.934C249.855 28.3969 174.281 -15.16 101.234 4.86485ZM49.6903 185.824C53.6206 178.923 62.3234 176.547 69.1734 180.506C76.0234 184.466 78.3816 193.234 74.4512 200.135C70.5209 207.036 61.8181 209.412 54.9681 205.453C48.1182 201.493 45.76 192.725 49.6903 185.824Z\" fill=\"#FE1700\"><\/path><\/g><defs><clipPath id=\"clip0_46_9\"><rect width=\"311\" height=\"410\" fill=\"white\"><\/rect><\/clipPath><\/defs><\/svg>\t\t\t<\/div>\n\t\t<\/div>\n\t\t\t\t\t\t<\/div>\n\t\t\t\t<\/div>\n\t\t\t\t<div class=\"elementor-element elementor-element-ffb72a5 elementor-widget elementor-widget-text-editor\" data-id=\"ffb72a5\" data-element_type=\"widget\" data-widget_type=\"text-editor.default\">\n\t\t\t\t<div class=\"elementor-widget-container\">\n\t\t\t\t\t\t\t\t\t<div>Scanpiii SA<\/div>\n<div>\n<div>Rue de Jargonnant 2<br \/>\n1207 Gen\u00e8ve<\/div>\n<\/div>\n\t\t\t\t\t\t\t\t<\/div>\n\t\t\t\t<\/div>\n\t\t\t\t<div class=\"elementor-element elementor-element-00cf4e5 elementor-widget elementor-widget-button\" data-id=\"00cf4e5\" data-element_type=\"widget\" data-widget_type=\"button.default\">\n\t\t\t\t<div class=\"elementor-widget-container\">\n\t\t\t\t\t\t\t\t\t<div class=\"elementor-button-wrapper\">\n\t\t\t\t\t<a class=\"elementor-button elementor-button-link elementor-size-sm\" href=\"mailto:services@scanpiii.ch\">\n\t\t\t\t\t\t<span class=\"elementor-button-content-wrapper\">\n\t\t\t\t\t\t\t\t\t<span class=\"elementor-button-text\">services@scanpiii.ch<\/span>\n\t\t\t\t\t<\/span>\n\t\t\t\t\t<\/a>\n\t\t\t\t<\/div>\n\t\t\t\t\t\t\t\t<\/div>\n\t\t\t\t<\/div>\n\t\t\t\t<div class=\"elementor-element elementor-element-9ef128d elementor-widget elementor-widget-button\" data-id=\"9ef128d\" data-element_type=\"widget\" data-widget_type=\"button.default\">\n\t\t\t\t<div class=\"elementor-widget-container\">\n\t\t\t\t\t\t\t\t\t<div class=\"elementor-button-wrapper\">\n\t\t\t\t\t<a class=\"elementor-button elementor-button-link elementor-size-sm\" href=\"tel:%20+41793117121%20\">\n\t\t\t\t\t\t<span class=\"elementor-button-content-wrapper\">\n\t\t\t\t\t\t<span class=\"elementor-button-icon\">\n\t\t\t\t<svg aria-hidden=\"true\" class=\"e-font-icon-svg e-fas-phone\" viewBox=\"0 0 512 512\" xmlns=\"http:\/\/www.w3.org\/2000\/svg\"><path d=\"M493.4 24.6l-104-24c-11.3-2.6-22.9 3.3-27.5 13.9l-48 112c-4.2 9.8-1.4 21.3 6.9 28l60.6 49.6c-36 76.7-98.9 140.5-177.2 177.2l-49.6-60.6c-6.8-8.3-18.2-11.1-28-6.9l-112 48C3.9 366.5-2 378.1.6 389.4l24 104C27.1 504.2 36.7 512 48 512c256.1 0 464-207.5 464-464 0-11.2-7.7-20.9-18.6-23.4z\"><\/path><\/svg>\t\t\t<\/span>\n\t\t\t\t\t\t\t\t\t<span class=\"elementor-button-text\">Chiamata<\/span>\n\t\t\t\t\t<\/span>\n\t\t\t\t\t<\/a>\n\t\t\t\t<\/div>\n\t\t\t\t\t\t\t\t<\/div>\n\t\t\t\t<\/div>\n\t\t\t\t<\/div>\n\t\t\t\t<\/div>\n\t\t\t\t<\/div>\n\t\t\t\t<\/div>\n\t\t\t\t<\/div>\n\t\t\t\t<\/div>\n\t\t\t\t\t<\/div>\n\t\t\t\t<\/div>\n\t\t\t\t<\/div>\n\t\t","protected":false},"excerpt":{"rendered":"<p>Contattaci Da luned\u00ec a venerd\u00ec dalle 8.00 alle 17.00 &amp; Sabato 8.30-16.30 \u00c8 facile contattare il team di Scanpiii Scanpiii SA Rue de Jargonnant 2 1207 Gen\u00e8ve services@scanpiii.ch Chiamata<\/p>\n","protected":false},"author":1,"featured_media":0,"parent":0,"menu_order":0,"comment_status":"closed","ping_status":"closed","template":"elementor_header_footer","meta":{"_acf_changed":false,"footnotes":""},"class_list":["post-34321","page","type-page","status-publish","hentry"],"acf":[],"yoast_head":"<!-- This site is optimized with the Yoast SEO plugin v26.8 - https:\/\/yoast.com\/product\/yoast-seo-wordpress\/ -->\n<title>Scanpiii - Contattaci<\/title>\n<meta name=\"description\" content=\"Contatta Scanpiii: trova i nostri recapiti, gli orari di apertura e il modulo per qualsiasi richiesta di assistenza o di informazioni.\" \/>\n<meta name=\"robots\" content=\"index, follow, max-snippet:-1, max-image-preview:large, max-video-preview:-1\" \/>\n<link rel=\"canonical\" href=\"https:\/\/scanpiii.com\/it\/contattaci\/\" \/>\n<meta property=\"og:locale\" content=\"it_IT\" \/>\n<meta property=\"og:type\" content=\"article\" \/>\n<meta property=\"og:title\" content=\"Scanpiii - Contattaci\" \/>\n<meta property=\"og:description\" content=\"Contatta Scanpiii: trova i nostri recapiti, gli orari di apertura e il modulo per qualsiasi richiesta di assistenza o di informazioni.\" \/>\n<meta property=\"og:url\" content=\"https:\/\/scanpiii.com\/it\/contattaci\/\" \/>\n<meta property=\"og:site_name\" content=\"Scanpiii\" \/>\n<meta property=\"article:modified_time\" content=\"2025-02-06T09:02:52+00:00\" \/>\n<meta property=\"og:image\" content=\"https:\/\/scanpiii.com\/wp-content\/uploads\/2024\/06\/cropped-cropped-logo.png\" \/>\n\t<meta property=\"og:image:width\" content=\"512\" \/>\n\t<meta property=\"og:image:height\" content=\"512\" \/>\n\t<meta property=\"og:image:type\" content=\"image\/png\" \/>\n<meta name=\"twitter:card\" content=\"summary_large_image\" \/>\n<script type=\"application\/ld+json\" class=\"yoast-schema-graph\">{\"@context\":\"https:\/\/schema.org\",\"@graph\":[{\"@type\":\"WebPage\",\"@id\":\"https:\/\/scanpiii.com\/it\/contattaci\/\",\"url\":\"https:\/\/scanpiii.com\/it\/contattaci\/\",\"name\":\"Scanpiii - Contattaci\",\"isPartOf\":{\"@id\":\"https:\/\/scanpiii.com\/it\/#website\"},\"datePublished\":\"2024-07-10T08:23:03+00:00\",\"dateModified\":\"2025-02-06T09:02:52+00:00\",\"description\":\"Contatta Scanpiii: trova i nostri recapiti, gli orari di apertura e il modulo per qualsiasi richiesta di assistenza o di informazioni.\",\"breadcrumb\":{\"@id\":\"https:\/\/scanpiii.com\/it\/contattaci\/#breadcrumb\"},\"inLanguage\":\"it-IT\",\"potentialAction\":[{\"@type\":\"ReadAction\",\"target\":[\"https:\/\/scanpiii.com\/it\/contattaci\/\"]}]},{\"@type\":\"BreadcrumbList\",\"@id\":\"https:\/\/scanpiii.com\/it\/contattaci\/#breadcrumb\",\"itemListElement\":[{\"@type\":\"ListItem\",\"position\":1,\"name\":\"Accueil\",\"item\":\"https:\/\/scanpiii.com\/it\/\"},{\"@type\":\"ListItem\",\"position\":2,\"name\":\"Contattaci\"}]},{\"@type\":\"WebSite\",\"@id\":\"https:\/\/scanpiii.com\/it\/#website\",\"url\":\"https:\/\/scanpiii.com\/it\/\",\"name\":\"Scanpiii\",\"description\":\"Un syst\u00e8me\\u2028 de caisse performant et innovant\\u2028 d\u00e9velopp\u00e9 en Suisse\",\"publisher\":{\"@id\":\"https:\/\/scanpiii.com\/it\/#organization\"},\"potentialAction\":[{\"@type\":\"SearchAction\",\"target\":{\"@type\":\"EntryPoint\",\"urlTemplate\":\"https:\/\/scanpiii.com\/it\/?s={search_term_string}\"},\"query-input\":{\"@type\":\"PropertyValueSpecification\",\"valueRequired\":true,\"valueName\":\"search_term_string\"}}],\"inLanguage\":\"it-IT\"},{\"@type\":\"Organization\",\"@id\":\"https:\/\/scanpiii.com\/it\/#organization\",\"name\":\"Scanpiii\",\"url\":\"https:\/\/scanpiii.com\/it\/\",\"logo\":{\"@type\":\"ImageObject\",\"inLanguage\":\"it-IT\",\"@id\":\"https:\/\/scanpiii.com\/it\/#\/schema\/logo\/image\/\",\"url\":\"https:\/\/scanpiii.com\/wp-content\/uploads\/2024\/07\/Calque_1logo.svg\",\"contentUrl\":\"https:\/\/scanpiii.com\/wp-content\/uploads\/2024\/07\/Calque_1logo.svg\",\"width\":311,\"height\":410,\"caption\":\"Scanpiii\"},\"image\":{\"@id\":\"https:\/\/scanpiii.com\/it\/#\/schema\/logo\/image\/\"}}]}<\/script>\n<!-- \/ Yoast SEO plugin. -->","yoast_head_json":{"title":"Scanpiii - Contattaci","description":"Contatta Scanpiii: trova i nostri recapiti, gli orari di apertura e il modulo per qualsiasi richiesta di assistenza o di informazioni.","robots":{"index":"index","follow":"follow","max-snippet":"max-snippet:-1","max-image-preview":"max-image-preview:large","max-video-preview":"max-video-preview:-1"},"canonical":"https:\/\/scanpiii.com\/it\/contattaci\/","og_locale":"it_IT","og_type":"article","og_title":"Scanpiii - Contattaci","og_description":"Contatta Scanpiii: trova i nostri recapiti, gli orari di apertura e il modulo per qualsiasi richiesta di assistenza o di informazioni.","og_url":"https:\/\/scanpiii.com\/it\/contattaci\/","og_site_name":"Scanpiii","article_modified_time":"2025-02-06T09:02:52+00:00","og_image":[{"width":512,"height":512,"url":"https:\/\/scanpiii.com\/wp-content\/uploads\/2024\/06\/cropped-cropped-logo.png","type":"image\/png"}],"twitter_card":"summary_large_image","schema":{"@context":"https:\/\/schema.org","@graph":[{"@type":"WebPage","@id":"https:\/\/scanpiii.com\/it\/contattaci\/","url":"https:\/\/scanpiii.com\/it\/contattaci\/","name":"Scanpiii - Contattaci","isPartOf":{"@id":"https:\/\/scanpiii.com\/it\/#website"},"datePublished":"2024-07-10T08:23:03+00:00","dateModified":"2025-02-06T09:02:52+00:00","description":"Contatta Scanpiii: trova i nostri recapiti, gli orari di apertura e il modulo per qualsiasi richiesta di assistenza o di informazioni.","breadcrumb":{"@id":"https:\/\/scanpiii.com\/it\/contattaci\/#breadcrumb"},"inLanguage":"it-IT","potentialAction":[{"@type":"ReadAction","target":["https:\/\/scanpiii.com\/it\/contattaci\/"]}]},{"@type":"BreadcrumbList","@id":"https:\/\/scanpiii.com\/it\/contattaci\/#breadcrumb","itemListElement":[{"@type":"ListItem","position":1,"name":"Accueil","item":"https:\/\/scanpiii.com\/it\/"},{"@type":"ListItem","position":2,"name":"Contattaci"}]},{"@type":"WebSite","@id":"https:\/\/scanpiii.com\/it\/#website","url":"https:\/\/scanpiii.com\/it\/","name":"Scanpiii","description":"Un syst\u00e8me\u2028 de caisse performant et innovant\u2028 d\u00e9velopp\u00e9 en Suisse","publisher":{"@id":"https:\/\/scanpiii.com\/it\/#organization"},"potentialAction":[{"@type":"SearchAction","target":{"@type":"EntryPoint","urlTemplate":"https:\/\/scanpiii.com\/it\/?s={search_term_string}"},"query-input":{"@type":"PropertyValueSpecification","valueRequired":true,"valueName":"search_term_string"}}],"inLanguage":"it-IT"},{"@type":"Organization","@id":"https:\/\/scanpiii.com\/it\/#organization","name":"Scanpiii","url":"https:\/\/scanpiii.com\/it\/","logo":{"@type":"ImageObject","inLanguage":"it-IT","@id":"https:\/\/scanpiii.com\/it\/#\/schema\/logo\/image\/","url":"https:\/\/scanpiii.com\/wp-content\/uploads\/2024\/07\/Calque_1logo.svg","contentUrl":"https:\/\/scanpiii.com\/wp-content\/uploads\/2024\/07\/Calque_1logo.svg","width":311,"height":410,"caption":"Scanpiii"},"image":{"@id":"https:\/\/scanpiii.com\/it\/#\/schema\/logo\/image\/"}}]}},"_links":{"self":[{"href":"https:\/\/scanpiii.com\/it\/wp-json\/wp\/v2\/pages\/34321","targetHints":{"allow":["GET"]}}],"collection":[{"href":"https:\/\/scanpiii.com\/it\/wp-json\/wp\/v2\/pages"}],"about":[{"href":"https:\/\/scanpiii.com\/it\/wp-json\/wp\/v2\/types\/page"}],"author":[{"embeddable":true,"href":"https:\/\/scanpiii.com\/it\/wp-json\/wp\/v2\/users\/1"}],"replies":[{"embeddable":true,"href":"https:\/\/scanpiii.com\/it\/wp-json\/wp\/v2\/comments?post=34321"}],"version-history":[{"count":4,"href":"https:\/\/scanpiii.com\/it\/wp-json\/wp\/v2\/pages\/34321\/revisions"}],"predecessor-version":[{"id":34562,"href":"https:\/\/scanpiii.com\/it\/wp-json\/wp\/v2\/pages\/34321\/revisions\/34562"}],"wp:attachment":[{"href":"https:\/\/scanpiii.com\/it\/wp-json\/wp\/v2\/media?parent=34321"}],"curies":[{"name":"wp","href":"https:\/\/api.w.org\/{rel}","templated":true}]}}